{"id":5660,"date":"2023-08-04T20:50:32","date_gmt":"2023-08-04T18:50:32","guid":{"rendered":"https:\/\/www.alliancefrancaise-haiti.org\/jacmel\/?page_id=5660"},"modified":"2025-03-15T19:29:30","modified_gmt":"2025-03-15T18:29:30","slug":"conjuguons-eco","status":"publish","type":"page","link":"https:\/\/www.alliancefrancaise-haiti.org\/jacmel\/conjuguons-eco\/","title":{"rendered":"Conjuguons Eco"},"content":{"rendered":"[et_pb_section admin_label=\u00a0\u00bbsection\u00a0\u00bb]\n\t\t[et_pb_row admin_label=\u00a0\u00bbrow\u00a0\u00bb]\n\t\t\t[et_pb_column type=\u00a0\u00bb4_4&Prime;][et_pb_text admin_label=\u00a0\u00bbText\u00a0\u00bb]\n<figure class=\"wp-block-image size-full is-resized\"><img data-recalc-dims=\"1\" loading=\"lazy\" decoding=\"async\" src=\"https:\/\/i0.wp.com\/www.alliancefrancaise-haiti.org\/jacmel\/wp-content\/uploads\/2023\/08\/cover_sas.jpeg?resize=839%2C410&#038;ssl=1\" alt=\"conjuguons eco,jeu mobile afj,jeu afj,jeu alliance francaise,jeu conjugaison,jeu de conjugaison,jeu de conjugaison afj\" class=\"wp-image-5664\" width=\"839\" height=\"410\" srcset=\"https:\/\/i0.wp.com\/www.alliancefrancaise-haiti.org\/jacmel\/wp-content\/uploads\/2023\/08\/cover_sas.jpeg?w=1024&amp;ssl=1 1024w, https:\/\/i0.wp.com\/www.alliancefrancaise-haiti.org\/jacmel\/wp-content\/uploads\/2023\/08\/cover_sas.jpeg?resize=300%2C146&amp;ssl=1 300w, https:\/\/i0.wp.com\/www.alliancefrancaise-haiti.org\/jacmel\/wp-content\/uploads\/2023\/08\/cover_sas.jpeg?resize=768%2C375&amp;ssl=1 768w\" sizes=\"auto, (max-width: 839px) 100vw, 839px\" \/><\/figure>\n\n\n\n<h2 class=\"wp-block-heading\">\u00c0 PROPOS DU JEU<\/h2>\n\n\n\n<div class=\"wp-block-columns is-layout-flex wp-container-core-columns-is-layout-9d6595d7 wp-block-columns-is-layout-flex\">\n<div class=\"wp-block-column is-layout-flow wp-block-column-is-layout-flow\" style=\"flex-basis:33.33%\">\n<figure class=\"wp-block-image size-full\"><img data-recalc-dims=\"1\" loading=\"lazy\" decoding=\"async\" width=\"256\" height=\"256\" src=\"https:\/\/i0.wp.com\/www.alliancefrancaise-haiti.org\/jacmel\/wp-content\/uploads\/2023\/08\/icone_conjuguons_eco-2.png?resize=256%2C256&#038;ssl=1\" alt=\"conjuguons eco,jeu mobile afj,jeu afj,jeu alliance francaise,jeu conjugaison,jeu de conjugaison,jeu de conjugaison afj\" class=\"wp-image-5685\" srcset=\"https:\/\/i0.wp.com\/www.alliancefrancaise-haiti.org\/jacmel\/wp-content\/uploads\/2023\/08\/icone_conjuguons_eco-2.png?w=256&amp;ssl=1 256w, https:\/\/i0.wp.com\/www.alliancefrancaise-haiti.org\/jacmel\/wp-content\/uploads\/2023\/08\/icone_conjuguons_eco-2.png?resize=150%2C150&amp;ssl=1 150w\" sizes=\"auto, (max-width: 256px) 100vw, 256px\" \/><\/figure>\n<\/div>\n\n\n\n<div class=\"wp-block-column is-layout-flow wp-block-column-is-layout-flow\" style=\"flex-basis:66.66%\">\n<p>Ce jeu de conjugaison des verbes fran\u00e7ais a \u00e9t\u00e9 r\u00e9alis\u00e9 dans le cadre du projet Sentinelles Alerte Sargasses, port\u00e9 par l&rsquo;Alliance Fran\u00e7aise de Jacmel entre 2021 et 2023.<br>Le projet s&rsquo;inscrit au 3\u00e8me appel \u00e0 initiatives de l&rsquo;OIF (Organisation Internationale de la Francophonie) pour la soci\u00e9t\u00e9 civile francophone engag\u00e9e pour les ODD et vise \u00e0 d\u00e9velopper des attitudes responsables vis-\u00e0-vis de l&rsquo;environnement en g\u00e9n\u00e9ral, et face aux \u00e9chouages des algues sargasses en particulier.<br>L&rsquo;association Action pour un D\u00e9veloppement Durable, les \u00e9tudiants finissants de l&rsquo;Universit\u00e9 Publique du Sud&rsquo;Est \u00e0 Jacmel et quatre communaut\u00e9s scolaires du Sud&rsquo;Est ont pris part \u00e0 la mise en oeuvre du projet.<\/p>\n\n\n\n<p><strong>\u00ab\u00a0Conjuguons Eco\u00a0\u00bb<\/strong>&nbsp;vous invite \u00e0 r\u00e9viser vos conjugaisons en fran\u00e7ais tout en vous faisant d\u00e9couvrir l&rsquo;\u00e9cocitoyennet\u00e9, le patrimoine et la biodiversit\u00e9 ha\u00eftiens.<\/p>\n\n\n\n<p><strong>Conception et d\u00e9veloppement<\/strong>: T\u00e9gaud BELINE<br><strong>Illustration<\/strong>: Chevelin PIERRE<br><strong>Conseil scientifique<\/strong>: Lens Jerry SAINT-LOUIS<br><strong>Textes<\/strong>: Alliance Fran\u00e7aise de Jacmel (AFJ)<\/p>\n\n\n\n<p>Remerciements sp\u00e9ciaux au Conseil d&rsquo;Administration de l&rsquo;Alliance Fran\u00e7aise de Jacmel, \u00e0 l&rsquo;Ecole Episcopale St Dominique de Marigot, l&rsquo;\u00e9cole ICOSA de Cyvadier, La Dignit\u00e9 de P\u00e9tavy Cayes-Jacmel et le Lyc\u00e9e National Jacques Th\u00e9lismond de Raymond Cayes-Jacmel.&nbsp;<\/p>\n<\/div>\n<\/div>\n\n\n\n<div class=\"wp-block-columns is-layout-flex wp-container-core-columns-is-layout-9d6595d7 wp-block-columns-is-layout-flex\">\n<div class=\"wp-block-column is-layout-flow wp-block-column-is-layout-flow\"><div class=\"wp-block-image\">\n<figure class=\"aligncenter size-large is-resized\"><img data-recalc-dims=\"1\" loading=\"lazy\" decoding=\"async\" src=\"https:\/\/i0.wp.com\/www.alliancefrancaise-haiti.org\/jacmel\/wp-content\/uploads\/2023\/08\/afj_logo-2.jpeg?resize=233%2C67&#038;ssl=1\" alt=\"conjuguons eco,jeu mobile afj,jeu afj,jeu alliance francaise,jeu conjugaison,jeu de conjugaison,jeu de conjugaison afj\" class=\"wp-image-5670\" width=\"233\" height=\"67\" srcset=\"https:\/\/i0.wp.com\/www.alliancefrancaise-haiti.org\/jacmel\/wp-content\/uploads\/2023\/08\/afj_logo-2.jpeg?resize=1024%2C299&amp;ssl=1 1024w, https:\/\/i0.wp.com\/www.alliancefrancaise-haiti.org\/jacmel\/wp-content\/uploads\/2023\/08\/afj_logo-2.jpeg?resize=300%2C88&amp;ssl=1 300w, https:\/\/i0.wp.com\/www.alliancefrancaise-haiti.org\/jacmel\/wp-content\/uploads\/2023\/08\/afj_logo-2.jpeg?resize=768%2C225&amp;ssl=1 768w, https:\/\/i0.wp.com\/www.alliancefrancaise-haiti.org\/jacmel\/wp-content\/uploads\/2023\/08\/afj_logo-2.jpeg?resize=1536%2C449&amp;ssl=1 1536w, https:\/\/i0.wp.com\/www.alliancefrancaise-haiti.org\/jacmel\/wp-content\/uploads\/2023\/08\/afj_logo-2.jpeg?resize=1080%2C316&amp;ssl=1 1080w, https:\/\/i0.wp.com\/www.alliancefrancaise-haiti.org\/jacmel\/wp-content\/uploads\/2023\/08\/afj_logo-2.jpeg?w=1727&amp;ssl=1 1727w\" sizes=\"auto, (max-width: 233px) 100vw, 233px\" \/><\/figure>\n<\/div><\/div>\n\n\n\n<div class=\"wp-block-column is-layout-flow wp-block-column-is-layout-flow\"><div class=\"wp-block-image\">\n<figure class=\"aligncenter size-full is-resized\"><img data-recalc-dims=\"1\" loading=\"lazy\" decoding=\"async\" src=\"https:\/\/i0.wp.com\/www.alliancefrancaise-haiti.org\/jacmel\/wp-content\/uploads\/2023\/08\/logo_oif-1.jpeg?resize=207%2C56&#038;ssl=1\" alt=\"conjuguons eco,jeu mobile afj,jeu afj,jeu alliance francaise,jeu conjugaison,jeu de conjugaison,jeu de conjugaison afj\" class=\"wp-image-5671\" width=\"207\" height=\"56\" srcset=\"https:\/\/i0.wp.com\/www.alliancefrancaise-haiti.org\/jacmel\/wp-content\/uploads\/2023\/08\/logo_oif-1.jpeg?w=349&amp;ssl=1 349w, https:\/\/i0.wp.com\/www.alliancefrancaise-haiti.org\/jacmel\/wp-content\/uploads\/2023\/08\/logo_oif-1.jpeg?resize=300%2C81&amp;ssl=1 300w\" sizes=\"auto, (max-width: 207px) 100vw, 207px\" \/><\/figure>\n<\/div><\/div>\n<\/div>\n\n\n\n<div class=\"wp-block-cover is-light\"><span aria-hidden=\"true\" class=\"wp-block-cover__background has-background-dim\"><\/span><img data-recalc-dims=\"1\" loading=\"lazy\" decoding=\"async\" width=\"825\" height=\"340\" class=\"wp-block-cover__image-background wp-image-5674\" alt=\"conjuguons eco,jeu mobile afj,jeu afj,jeu alliance francaise,jeu conjugaison,jeu de conjugaison,jeu de conjugaison afj\" src=\"https:\/\/i0.wp.com\/www.alliancefrancaise-haiti.org\/jacmel\/wp-content\/uploads\/2023\/08\/Calque-1.png?resize=825%2C340&#038;ssl=1\" data-object-fit=\"cover\" srcset=\"https:\/\/i0.wp.com\/www.alliancefrancaise-haiti.org\/jacmel\/wp-content\/uploads\/2023\/08\/Calque-1.png?w=825&amp;ssl=1 825w, https:\/\/i0.wp.com\/www.alliancefrancaise-haiti.org\/jacmel\/wp-content\/uploads\/2023\/08\/Calque-1.png?resize=300%2C124&amp;ssl=1 300w, https:\/\/i0.wp.com\/www.alliancefrancaise-haiti.org\/jacmel\/wp-content\/uploads\/2023\/08\/Calque-1.png?resize=768%2C317&amp;ssl=1 768w\" sizes=\"auto, (max-width: 825px) 100vw, 825px\" \/><div class=\"wp-block-cover__inner-container is-layout-flow wp-block-cover-is-layout-flow\">\n<div style=\"color:#fff;text-align:center;\"><h2 style=\"line-height: 1.4;\">T\u00e9l\u00e9charger le jeu Gratuitement ici!<\/h2>\n<\/div>\n\n\n\n<div class=\"wp-block-columns is-layout-flex wp-container-core-columns-is-layout-9d6595d7 wp-block-columns-is-layout-flex\">\n<div class=\"wp-block-column is-layout-flow wp-block-column-is-layout-flow\"><\/div>\n\n\n\n<div class=\"wp-block-column is-layout-flow wp-block-column-is-layout-flow\">\n<center><a href=\"https:\/\/hardwcorp.com\/assets\/img\/Conjuguons%20Eco_1_1.0.apk\" download=\"Conjuguons_Eco\" style=\"color: #fff;\n    background-color: #32373c;\n    border-radius: 9999px;\n    box-shadow: none;\n    text-decoration: none;\n    padding: calc(0.667em + 2px) calc(1.333em + 2px);\n    font-size: 1.125em;\n    display: inline-block;\n    text-align: center;\">TELECHARGER<\/a><\/center>\n<\/div>\n\n\n\n<div class=\"wp-block-column is-layout-flow wp-block-column-is-layout-flow\"><\/div>\n<\/div>\n\n\n\n<div style=\"color:#fff;text-align:center;\">\n<p >L&rsquo;application sera bient\u00f4t disponible sur Play Store<\/p><\/div>\n<\/div><\/div>\n\n\n\n<div class=\"wp-block-columns is-layout-flex wp-container-core-columns-is-layout-9d6595d7 wp-block-columns-is-layout-flex\">\n<div class=\"wp-block-column is-layout-flow wp-block-column-is-layout-flow\"><\/div>\n\n\n\n<div class=\"wp-block-column is-layout-flow wp-block-column-is-layout-flow\"><\/div>\n<\/div>\n[\/et_pb_text][\/et_pb_column]\n\t\t[\/et_pb_row]\n\t[\/et_pb_section]","protected":false},"excerpt":{"rendered":"<p>[et_pb_section admin_label=\u00a0\u00bbsection\u00a0\u00bb] [et_pb_row admin_label=\u00a0\u00bbrow\u00a0\u00bb] [et_pb_column type=\u00a0\u00bb4_4&Prime;][et_pb_text admin_label=\u00a0\u00bbText\u00a0\u00bb] \u00c0 PROPOS DU JEU Ce jeu de conjugaison des verbes fran\u00e7ais a \u00e9t\u00e9 r\u00e9alis\u00e9 dans le cadre du projet Sentinelles Alerte Sargasses, port\u00e9 par l&rsquo;Alliance Fran\u00e7aise de Jacmel entre 2021 et 2023.Le projet s&rsquo;inscrit au 3\u00e8me appel \u00e0 initiatives de l&rsquo;OIF (Organisation Internationale de la Francophonie) pour la [&hellip;]<\/p>\n","protected":false},"author":73,"featured_media":0,"parent":0,"menu_order":0,"comment_status":"closed","ping_status":"closed","template":"","meta":{"_seopress_robots_primary_cat":"","_seopress_titles_title":"","_seopress_titles_desc":"Conjuguons Eco vous invite \u00e0 r\u00e9viser vos conjugaisons en fran\u00e7ais tout en vous faisant d\u00e9couvrir l&#039;\u00e9cocitoyennet\u00e9, le patrimoine et la biodiversit\u00e9 ha\u00eftiens.","_seopress_robots_index":"","_et_pb_use_builder":"on","_et_pb_old_content":"<!-- wp:image {\"id\":5664,\"width\":839,\"height\":410,\"sizeSlug\":\"full\",\"linkDestination\":\"none\"} -->\n<figure class=\"wp-block-image size-full is-resized\"><img src=\"https:\/\/www.alliancefrancaise-haiti.org\/jacmel\/wp-content\/uploads\/2023\/08\/cover_sas.jpeg\" alt=\"\" class=\"wp-image-5664\" width=\"839\" height=\"410\"\/><\/figure>\n<!-- \/wp:image -->\n\n<!-- wp:heading -->\n<h2 class=\"wp-block-heading\">\u00c0 PROPOS DU JEU<\/h2>\n<!-- \/wp:heading -->\n\n<!-- wp:columns -->\n<div class=\"wp-block-columns\"><!-- wp:column {\"width\":\"33.33%\"} -->\n<div class=\"wp-block-column\" style=\"flex-basis:33.33%\"><!-- wp:image {\"id\":5685,\"sizeSlug\":\"full\",\"linkDestination\":\"none\"} -->\n<figure class=\"wp-block-image size-full\"><img src=\"https:\/\/www.alliancefrancaise-haiti.org\/jacmel\/wp-content\/uploads\/2023\/08\/icone_conjuguons_eco-2.png\" alt=\"\" class=\"wp-image-5685\"\/><\/figure>\n<!-- \/wp:image --><\/div>\n<!-- \/wp:column -->\n\n<!-- wp:column {\"width\":\"66.66%\"} -->\n<div class=\"wp-block-column\" style=\"flex-basis:66.66%\"><!-- wp:paragraph -->\n<p>Ce jeu de conjugaison des verbes fran\u00e7ais a \u00e9t\u00e9 r\u00e9alis\u00e9 dans le cadre du projet Sentinelles Alerte Sargasses, port\u00e9 par l'Alliance Fran\u00e7aise de Jacmel entre 2021 et 2023.<br>Le projet s'inscrit au 3\u00e8me appel \u00e0 initiatives de l'OIF (Organisation Internationale de la Francophonie) pour la soci\u00e9t\u00e9 civile francophone engag\u00e9e pour les ODD et vise \u00e0 d\u00e9velopper des attitudes responsables vis-\u00e0-vis de l'environnement en g\u00e9n\u00e9ral, et face aux \u00e9chouages des algues sargasses en particulier.<br>L'association Action pour un D\u00e9veloppement Durable, les \u00e9tudiants finissants de l'Universit\u00e9 Publique du Sud'Est \u00e0 Jacmel et quatre communaut\u00e9s scolaires du Sud'Est ont pris part \u00e0 la mise en oeuvre du projet.<\/p>\n<!-- \/wp:paragraph -->\n\n<!-- wp:paragraph -->\n<p><strong>\"Conjuguons Eco\"<\/strong>&nbsp;vous invite \u00e0 r\u00e9viser vos conjugaisons en fran\u00e7ais tout en vous faisant d\u00e9couvrir l'\u00e9cocitoyennet\u00e9, le patrimoine et la biodiversit\u00e9 ha\u00eftiens.<\/p>\n<!-- \/wp:paragraph -->\n\n<!-- wp:paragraph -->\n<p><strong>Conception et d\u00e9veloppement<\/strong>: T\u00e9gaud BELINE<br><strong>Illustration<\/strong>: Chevelin PIERRE<br><strong>Conseil scientifique<\/strong>: Lens Jerry SAINT-LOUIS<br><strong>Textes<\/strong>: Alliance Fran\u00e7aise de Jacmel (AFJ)<\/p>\n<!-- \/wp:paragraph -->\n\n<!-- wp:paragraph -->\n<p>Remerciements sp\u00e9ciaux au Conseil d'Administration de l'Alliance Fran\u00e7aise de Jacmel, \u00e0 l'Ecole Episcopale St Dominique de Marigot, l'\u00e9cole ICOSA de Cyvadier, La Dignit\u00e9 de P\u00e9tavy Cayes-Jacmel et le Lyc\u00e9e National Jacques Th\u00e9lismond de Raymond Cayes-Jacmel.&nbsp;<\/p>\n<!-- \/wp:paragraph --><\/div>\n<!-- \/wp:column --><\/div>\n<!-- \/wp:columns -->\n\n<!-- wp:columns -->\n<div class=\"wp-block-columns\"><!-- wp:column -->\n<div class=\"wp-block-column\"><!-- wp:image {\"align\":\"center\",\"id\":5670,\"width\":233,\"height\":67,\"sizeSlug\":\"large\",\"linkDestination\":\"none\"} -->\n<figure class=\"wp-block-image aligncenter size-large is-resized\"><img src=\"https:\/\/www.alliancefrancaise-haiti.org\/jacmel\/wp-content\/uploads\/2023\/08\/afj_logo-2-1024x299.jpeg\" alt=\"\" class=\"wp-image-5670\" width=\"233\" height=\"67\"\/><\/figure>\n<!-- \/wp:image --><\/div>\n<!-- \/wp:column -->\n\n<!-- wp:column -->\n<div class=\"wp-block-column\"><!-- wp:image {\"align\":\"center\",\"id\":5671,\"width\":207,\"height\":56,\"sizeSlug\":\"full\",\"linkDestination\":\"none\"} -->\n<figure class=\"wp-block-image aligncenter size-full is-resized\"><img src=\"https:\/\/www.alliancefrancaise-haiti.org\/jacmel\/wp-content\/uploads\/2023\/08\/logo_oif-1.jpeg\" alt=\"\" class=\"wp-image-5671\" width=\"207\" height=\"56\"\/><\/figure>\n<!-- \/wp:image --><\/div>\n<!-- \/wp:column --><\/div>\n<!-- \/wp:columns -->\n\n<!-- wp:cover {\"url\":\"https:\/\/www.alliancefrancaise-haiti.org\/jacmel\/wp-content\/uploads\/2023\/08\/Calque-1.png\",\"id\":5674,\"dimRatio\":50,\"isDark\":false,\"style\":{\"color\":{}}} -->\n<div class=\"wp-block-cover is-light\"><span aria-hidden=\"true\" class=\"wp-block-cover__background has-background-dim\"><\/span><img class=\"wp-block-cover__image-background wp-image-5674\" alt=\"\" src=\"https:\/\/www.alliancefrancaise-haiti.org\/jacmel\/wp-content\/uploads\/2023\/08\/Calque-1.png\" data-object-fit=\"cover\"\/><div class=\"wp-block-cover__inner-container\"><!-- wp:html -->\n<div style=\"color:#fff;text-align:center;\"><h2 style=\"line-height: 1.4;\">T\u00e9l\u00e9charger le jeu Gratuitement ici!<\/h2>\n<\/div>\n<!-- \/wp:html -->\n\n<!-- wp:columns -->\n<div class=\"wp-block-columns\"><!-- wp:column -->\n<div class=\"wp-block-column\"><\/div>\n<!-- \/wp:column -->\n\n<!-- wp:column -->\n<div class=\"wp-block-column\"><!-- wp:html -->\n<center><a href=\"https:\/\/hardwcorp.com\/assets\/img\/Conjuguons%20Eco_1_1.0.apk\" download=\"Conjuguons_Eco\" style=\"color: #fff;\n    background-color: #32373c;\n    border-radius: 9999px;\n    box-shadow: none;\n    text-decoration: none;\n    padding: calc(0.667em + 2px) calc(1.333em + 2px);\n    font-size: 1.125em;\n    display: inline-block;\n    text-align: center;\">TELECHARGER<\/a><\/center>\n<!-- \/wp:html --><\/div>\n<!-- \/wp:column -->\n\n<!-- wp:column -->\n<div class=\"wp-block-column\"><\/div>\n<!-- \/wp:column --><\/div>\n<!-- \/wp:columns -->\n\n<!-- wp:html -->\n<div style=\"color:#fff;text-align:center;\">\n<p >L'application sera bient\u00f4t disponible sur Play Store<\/p><\/div>\n<!-- \/wp:html --><\/div><\/div>\n<!-- \/wp:cover -->\n\n<!-- wp:columns -->\n<div class=\"wp-block-columns\"><!-- wp:column -->\n<div class=\"wp-block-column\"><\/div>\n<!-- \/wp:column -->\n\n<!-- wp:column -->\n<div class=\"wp-block-column\"><\/div>\n<!-- \/wp:column --><\/div>\n<!-- \/wp:columns -->","jetpack_post_was_ever_published":true,"footnotes":""},"class_list":["post-5660","page","type-page","status-publish","hentry"],"jetpack_sharing_enabled":true,"jetpack_likes_enabled":false,"jetpack-related-posts":[],"jetpack_shortlink":"https:\/\/wp.me\/Pbmcu6-1ti","_links":{"self":[{"href":"https:\/\/www.alliancefrancaise-haiti.org\/jacmel\/wp-json\/wp\/v2\/pages\/5660","targetHints":{"allow":["GET"]}}],"collection":[{"href":"https:\/\/www.alliancefrancaise-haiti.org\/jacmel\/wp-json\/wp\/v2\/pages"}],"about":[{"href":"https:\/\/www.alliancefrancaise-haiti.org\/jacmel\/wp-json\/wp\/v2\/types\/page"}],"author":[{"embeddable":true,"href":"https:\/\/www.alliancefrancaise-haiti.org\/jacmel\/wp-json\/wp\/v2\/users\/73"}],"replies":[{"embeddable":true,"href":"https:\/\/www.alliancefrancaise-haiti.org\/jacmel\/wp-json\/wp\/v2\/comments?post=5660"}],"version-history":[{"count":17,"href":"https:\/\/www.alliancefrancaise-haiti.org\/jacmel\/wp-json\/wp\/v2\/pages\/5660\/revisions"}],"predecessor-version":[{"id":5816,"href":"https:\/\/www.alliancefrancaise-haiti.org\/jacmel\/wp-json\/wp\/v2\/pages\/5660\/revisions\/5816"}],"wp:attachment":[{"href":"https:\/\/www.alliancefrancaise-haiti.org\/jacmel\/wp-json\/wp\/v2\/media?parent=5660"}],"curies":[{"name":"wp","href":"https:\/\/api.w.org\/{rel}","templated":true}]}}