{"id":333,"date":"2018-03-12T07:06:18","date_gmt":"2018-03-12T06:06:18","guid":{"rendered":"http:\/\/alliancefrancaise-haiti.org\/cap-haitien\/?page_id=333"},"modified":"2025-01-28T18:44:53","modified_gmt":"2025-01-28T17:44:53","slug":"contact","status":"publish","type":"page","link":"https:\/\/www.alliancefrancaise-haiti.org\/jacmel\/contact\/","title":{"rendered":"Contact"},"content":{"rendered":"<p>[et_pb_section fb_built=\u00a0\u00bb1&Prime; _builder_version=\u00a0\u00bb3.0.101&Prime; custom_padding=\u00a0\u00bb10px|||\u00a0\u00bb][et_pb_row custom_padding=\u00a0\u00bb||0px|\u00a0\u00bb _builder_version=\u00a0\u00bb3.0.101&Prime;][et_pb_column type=\u00a0\u00bb4_4&Prime; _builder_version=\u00a0\u00bb3.0.47&Prime; parallax=\u00a0\u00bboff\u00a0\u00bb parallax_method=\u00a0\u00bbon\u00a0\u00bb][et_pb_text _builder_version=\u00a0\u00bb3.0.101&Prime; text_font=\u00a0\u00bbEconomica|700||on|||||\u00a0\u00bb text_text_color=\u00a0\u00bb#d80000&Prime; text_font_size=\u00a0\u00bb50px\u00a0\u00bb]NOUS CONTACTER<br \/>\n[\/et_pb_text][et_pb_text _builder_version=\u00a0\u00bb3.0.101&Prime; text_font=\u00a0\u00bbOpen Sans|700|||||||\u00a0\u00bb text_text_color=\u00a0\u00bb#d80000&Prime; text_font_size=\u00a0\u00bb15px\u00a0\u00bb custom_padding=\u00a0\u00bb10px||0px|\u00a0\u00bb]<a href=\"#NosCoordonnees\">Nos coordonn\u00e9es<\/a> | <a href=\"#NosHeuresDouverture\">Nos heures d\u2019ouverture<\/a> | <a href=\"#NousSituer\">Nous situer<\/a><br \/>\n[\/et_pb_text][\/et_pb_column][\/et_pb_row][et_pb_row custom_padding=\u00a0\u00bb5px||0px|\u00a0\u00bb _builder_version=\u00a0\u00bb3.0.101&Prime;][et_pb_column type=\u00a0\u00bb4_4&Prime; _builder_version=\u00a0\u00bb3.0.47&Prime; parallax=\u00a0\u00bboff\u00a0\u00bb parallax_method=\u00a0\u00bbon\u00a0\u00bb][et_pb_image src=\u00a0\u00bbhttps:\/\/www.alliancefrancaise-haiti.org\/jacmel2\/wp-content\/uploads\/2018\/06\/Banniere_AFCAPHAITIEN_Page_Accueil-1.jpg\u00a0\u00bb align=\u00a0\u00bbcenter\u00a0\u00bb _builder_version=\u00a0\u00bb3.0.106&Prime; animation_style=\u00a0\u00bbzoom\u00a0\u00bb][\/et_pb_image][\/et_pb_column][\/et_pb_row][et_pb_row use_custom_gutter=\u00a0\u00bbon\u00a0\u00bb gutter_width=\u00a0\u00bb2&Prime; make_equal=\u00a0\u00bbon\u00a0\u00bb _builder_version=\u00a0\u00bb3.0.101&Prime;][et_pb_column type=\u00a0\u00bb1_3&Prime; _builder_version=\u00a0\u00bb3.0.47&Prime; parallax=\u00a0\u00bboff\u00a0\u00bb parallax_method=\u00a0\u00bbon\u00a0\u00bb][et_pb_contact_form captcha=\u00a0\u00bboff\u00a0\u00bb email=\u00a0\u00bbinfo.jacmel@alliancefrancaise-haiti.org\u00a0\u00bb title=\u00a0\u00bb\u00c9crivez-nous\u00a0\u00bb success_message=\u00a0\u00bbMerci de nous avoir contact\u00e9\u00a0\u00bb _builder_version=\u00a0\u00bb3.0.106&Prime; custom_css_contact_title=\u00a0\u00bbfont-family: Helvetica Neue, Helvetica, Arial, sans-serif; font-size: 28px; font-style: normal;font-variant: normal; font-weight: 700; color: #ff0000&Prime;][et_pb_contact_field field_id=\u00a0\u00bbName\u00a0\u00bb field_title=\u00a0\u00bbNom et Pr\u00e9nom\u00a0\u00bb _builder_version=\u00a0\u00bb3.16&Prime; button_text_size__hover_enabled=\u00a0\u00bboff\u00a0\u00bb button_one_text_size__hover_enabled=\u00a0\u00bboff\u00a0\u00bb button_two_text_size__hover_enabled=\u00a0\u00bboff\u00a0\u00bb button_text_color__hover_enabled=\u00a0\u00bboff\u00a0\u00bb button_one_text_color__hover_enabled=\u00a0\u00bboff\u00a0\u00bb button_two_text_color__hover_enabled=\u00a0\u00bboff\u00a0\u00bb button_border_width__hover_enabled=\u00a0\u00bboff\u00a0\u00bb button_one_border_width__hover_enabled=\u00a0\u00bboff\u00a0\u00bb button_two_border_width__hover_enabled=\u00a0\u00bboff\u00a0\u00bb button_border_color__hover_enabled=\u00a0\u00bboff\u00a0\u00bb button_one_border_color__hover_enabled=\u00a0\u00bboff\u00a0\u00bb button_two_border_color__hover_enabled=\u00a0\u00bboff\u00a0\u00bb button_border_radius__hover_enabled=\u00a0\u00bboff\u00a0\u00bb button_one_border_radius__hover_enabled=\u00a0\u00bboff\u00a0\u00bb button_two_border_radius__hover_enabled=\u00a0\u00bboff\u00a0\u00bb button_letter_spacing__hover_enabled=\u00a0\u00bboff\u00a0\u00bb button_one_letter_spacing__hover_enabled=\u00a0\u00bboff\u00a0\u00bb button_two_letter_spacing__hover_enabled=\u00a0\u00bboff\u00a0\u00bb button_bg_color__hover_enabled=\u00a0\u00bboff\u00a0\u00bb button_one_bg_color__hover_enabled=\u00a0\u00bboff\u00a0\u00bb button_two_bg_color__hover_enabled=\u00a0\u00bboff\u00a0\u00bb][\/et_pb_contact_field][et_pb_contact_field field_id=\u00a0\u00bbdir.jacmel@alliancefrancaise-haiti.org\u00a0\u00bb field_title=\u00a0\u00bbdir.jacmel@alliancefrancaise-haiti.org\u00a0\u00bb field_type=\u00a0\u00bbemail\u00a0\u00bb _builder_version=\u00a0\u00bb3.16&Prime; button_text_size__hover_enabled=\u00a0\u00bboff\u00a0\u00bb button_one_text_size__hover_enabled=\u00a0\u00bboff\u00a0\u00bb button_two_text_size__hover_enabled=\u00a0\u00bboff\u00a0\u00bb button_text_color__hover_enabled=\u00a0\u00bboff\u00a0\u00bb button_one_text_color__hover_enabled=\u00a0\u00bboff\u00a0\u00bb button_two_text_color__hover_enabled=\u00a0\u00bboff\u00a0\u00bb button_border_width__hover_enabled=\u00a0\u00bboff\u00a0\u00bb button_one_border_width__hover_enabled=\u00a0\u00bboff\u00a0\u00bb button_two_border_width__hover_enabled=\u00a0\u00bboff\u00a0\u00bb button_border_color__hover_enabled=\u00a0\u00bboff\u00a0\u00bb button_one_border_color__hover_enabled=\u00a0\u00bboff\u00a0\u00bb button_two_border_color__hover_enabled=\u00a0\u00bboff\u00a0\u00bb button_border_radius__hover_enabled=\u00a0\u00bboff\u00a0\u00bb button_one_border_radius__hover_enabled=\u00a0\u00bboff\u00a0\u00bb button_two_border_radius__hover_enabled=\u00a0\u00bboff\u00a0\u00bb button_letter_spacing__hover_enabled=\u00a0\u00bboff\u00a0\u00bb button_one_letter_spacing__hover_enabled=\u00a0\u00bboff\u00a0\u00bb button_two_letter_spacing__hover_enabled=\u00a0\u00bboff\u00a0\u00bb button_bg_color__hover_enabled=\u00a0\u00bboff\u00a0\u00bb button_one_bg_color__hover_enabled=\u00a0\u00bboff\u00a0\u00bb button_two_bg_color__hover_enabled=\u00a0\u00bboff\u00a0\u00bb][\/et_pb_contact_field][et_pb_contact_field field_id=\u00a0\u00bbMessage\u00a0\u00bb field_title=\u00a0\u00bbVotre message\u00a0\u00bb field_type=\u00a0\u00bbtext\u00a0\u00bb fullwidth_field=\u00a0\u00bbon\u00a0\u00bb _builder_version=\u00a0\u00bb3.16&Prime; button_text_size__hover_enabled=\u00a0\u00bboff\u00a0\u00bb button_one_text_size__hover_enabled=\u00a0\u00bboff\u00a0\u00bb button_two_text_size__hover_enabled=\u00a0\u00bboff\u00a0\u00bb button_text_color__hover_enabled=\u00a0\u00bboff\u00a0\u00bb button_one_text_color__hover_enabled=\u00a0\u00bboff\u00a0\u00bb button_two_text_color__hover_enabled=\u00a0\u00bboff\u00a0\u00bb button_border_width__hover_enabled=\u00a0\u00bboff\u00a0\u00bb button_one_border_width__hover_enabled=\u00a0\u00bboff\u00a0\u00bb button_two_border_width__hover_enabled=\u00a0\u00bboff\u00a0\u00bb button_border_color__hover_enabled=\u00a0\u00bboff\u00a0\u00bb button_one_border_color__hover_enabled=\u00a0\u00bboff\u00a0\u00bb button_two_border_color__hover_enabled=\u00a0\u00bboff\u00a0\u00bb button_border_radius__hover_enabled=\u00a0\u00bboff\u00a0\u00bb button_one_border_radius__hover_enabled=\u00a0\u00bboff\u00a0\u00bb button_two_border_radius__hover_enabled=\u00a0\u00bboff\u00a0\u00bb button_letter_spacing__hover_enabled=\u00a0\u00bboff\u00a0\u00bb button_one_letter_spacing__hover_enabled=\u00a0\u00bboff\u00a0\u00bb button_two_letter_spacing__hover_enabled=\u00a0\u00bboff\u00a0\u00bb button_bg_color__hover_enabled=\u00a0\u00bboff\u00a0\u00bb button_one_bg_color__hover_enabled=\u00a0\u00bboff\u00a0\u00bb button_two_bg_color__hover_enabled=\u00a0\u00bboff\u00a0\u00bb][\/et_pb_contact_field][\/et_pb_contact_form][\/et_pb_column][et_pb_column type=\u00a0\u00bb1_3&Prime; _builder_version=\u00a0\u00bb3.0.47&Prime; parallax=\u00a0\u00bboff\u00a0\u00bb parallax_method=\u00a0\u00bbon\u00a0\u00bb][et_pb_text _builder_version=\u00a0\u00bb3.0.101&Prime; text_text_color=\u00a0\u00bb#d80000&Prime; custom_margin=\u00a0\u00bb||0px|\u00a0\u00bb custom_padding=\u00a0\u00bb||10px|\u00a0\u00bb custom_css_main_element=\u00a0\u00bbfont-family: Helvetica Neue, Helvetica, Arial, sans-serif; font-size: 28px; font-style: normal;font-variant: normal; font-weight: 700; color: #ff0000&Prime;]<a id=\"NosCoordonnees\"><\/a>Nos coordonn\u00e9es<br \/>\n[\/et_pb_text][et_pb_code _builder_version=\u00a0\u00bb3.19.9&Prime;][\/et_pb_code][et_pb_text _builder_version=\u00a0\u00bb3.19.9&Prime; text_font=\u00a0\u00bbOpen Sans||||||||\u00a0\u00bb text_font_size=\u00a0\u00bb18px\u00a0\u00bb custom_margin=\u00a0\u00bb0px|||\u00a0\u00bb custom_padding=\u00a0\u00bb2px|||\u00a0\u00bb]<\/p>\n<div>Alliance Fran\u00e7aise de Jacmel<\/div>\n<div><\/div>\n<div><i class=\"fa fa-location-arrow\"><\/i>\u00a0#37, Angle Rue Seymour Pradel et Avenue de la Libert\u00e9, BP83,<\/div>\n<div>HT9110, Jacmel, Ha\u00efti<\/div>\n<div><\/div>\n<div><i class=\"fa fa-phone\"><\/i> (+509) 3626-0424<\/div>\n<div><\/div>\n<div><i class=\"fa fa-envelope\" aria-hidden=\"true\"><\/i> <a href=\"mailto:mail%20to : info.jacmel@alliancefrancaise-haiti.org\">dir.jacmel@alliancefrancaise-haiti.org<\/a><\/div>\n<p>[\/et_pb_text][et_pb_code _builder_version=\u00a0\u00bb3.19.9&Prime;]<\/p>\n<p><iframe loading=\"lazy\" style=\"border: 0;\" src=\"https:\/\/www.google.com\/maps\/embed?pb=!1m18!1m12!1m3!1d3789.4768771780887!2d-72.53849978549957!3d18.2339478875766!2m3!1f0!2f0!3f0!3m2!1i1024!2i768!4f13.1!3m3!1m2!1s0x8eb9b191d04c160b%3A0xf1f38d80b2253008!2sAlliance%20Fran%C3%A7aise%20De%20Jacmel!5e0!3m2!1sfr!2sdo!4v1649885333016!5m2!1sfr!2sdo\" width=\"400\" height=\"300\" allowfullscreen=\"allowfullscreen\"><\/iframe><\/p>\n<p>[\/et_pb_code][\/et_pb_column][et_pb_column type=\u00a0\u00bb1_3&Prime; _builder_version=\u00a0\u00bb3.0.47&Prime; parallax=\u00a0\u00bboff\u00a0\u00bb parallax_method=\u00a0\u00bbon\u00a0\u00bb][et_pb_text _builder_version=\u00a0\u00bb3.0.101&Prime; text_text_color=\u00a0\u00bb#d80000&Prime; text_orientation=\u00a0\u00bbcenter\u00a0\u00bb custom_margin=\u00a0\u00bb||0px|\u00a0\u00bb custom_padding=\u00a0\u00bb||10px|\u00a0\u00bb custom_css_main_element=\u00a0\u00bbfont-family: Helvetica Neue, Helvetica, Arial, sans-serif; font-size: 28px; font-style: normal;font-variant: normal; font-weight: 700; color: #ff0000&Prime;]<a id=\"NosHeuresDouverture\"><\/a>Nos heures d&rsquo;ouverture<br \/>\n[\/et_pb_text][et_pb_text _builder_version=\u00a0\u00bb3.0.106&Prime; text_font=\u00a0\u00bbOpen Sans||||||||\u00a0\u00bb text_font_size=\u00a0\u00bb18px\u00a0\u00bb custom_margin=\u00a0\u00bb0px||0px|\u00a0\u00bb custom_padding=\u00a0\u00bb2px||0px|\u00a0\u00bb]<\/p>\n<div><i class=\"fa fa-calendar\"><\/i> Mardi au samedi de 08h30 \u00e0 18h00<\/div>\n<div><\/div>\n<p>[\/et_pb_text][et_pb_image src=\u00a0\u00bbhttp:\/\/alliancefrancaise-haiti.org\/cap-haitien\/wp-content\/uploads\/2018\/03\/Photo-AFCH-1080&#215;310.png\u00a0\u00bb show_bottom_space=\u00a0\u00bboff\u00a0\u00bb align=\u00a0\u00bbcenter\u00a0\u00bb _builder_version=\u00a0\u00bb3.0.101&Prime; custom_margin=\u00a0\u00bb0px|||\u00a0\u00bb custom_padding=\u00a0\u00bb0px|||\u00a0\u00bb][\/et_pb_image][\/et_pb_column][\/et_pb_row][\/et_pb_section][et_pb_section fb_built=\u00a0\u00bb1&Prime; _builder_version=\u00a0\u00bb3.0.101&Prime; background_color=\u00a0\u00bb#3c3d41&Prime; custom_padding=\u00a0\u00bb0px||0px|\u00a0\u00bb transparent_background=\u00a0\u00bboff\u00a0\u00bb padding_mobile=\u00a0\u00bbon\u00a0\u00bb][et_pb_row use_custom_gutter=\u00a0\u00bbon\u00a0\u00bb gutter_width=\u00a0\u00bb1&Prime; custom_padding=\u00a0\u00bb25px||25px|\u00a0\u00bb make_equal=\u00a0\u00bbon\u00a0\u00bb column_padding_mobile=\u00a0\u00bbon\u00a0\u00bb parallax_method_1=\u00a0\u00bboff\u00a0\u00bb parallax_method_2=\u00a0\u00bboff\u00a0\u00bb parallax_method_3=\u00a0\u00bboff\u00a0\u00bb admin_label=\u00a0\u00bbRow\u00a0\u00bb _builder_version=\u00a0\u00bb3.0.101&Prime;][et_pb_column type=\u00a0\u00bb1_4&Prime; _builder_version=\u00a0\u00bb3.0.47&Prime; column_padding_mobile=\u00a0\u00bbon\u00a0\u00bb parallax=\u00a0\u00bboff\u00a0\u00bb parallax_method=\u00a0\u00bboff\u00a0\u00bb][et_pb_text admin_label=\u00a0\u00bbText\u00a0\u00bb _builder_version=\u00a0\u00bb3.0.101&Prime; text_font=\u00a0\u00bbSource Sans Pro|on|||\u00a0\u00bb text_text_color=\u00a0\u00bb#666666&Prime; text_font_size=\u00a0\u00bb18&Prime; text_line_height=\u00a0\u00bb1.4em\u00a0\u00bb custom_margin=\u00a0\u00bb||8px|\u00a0\u00bb use_border_color=\u00a0\u00bboff\u00a0\u00bb border_color=\u00a0\u00bb#ffffff\u00a0\u00bb border_style=\u00a0\u00bbsolid\u00a0\u00bb]<a style=\"color: #666666;\" href=\"http:\/\/alliancefrancaise-haiti.org\/caphaitien\/qui-sommes-nous\/\">QUI SOMMES-NOUS ?<\/a><br \/>\n[\/et_pb_text][et_pb_text admin_label=\u00a0\u00bbText\u00a0\u00bb _builder_version=\u00a0\u00bb3.0.106&Prime; text_font=\u00a0\u00bbSource Sans Pro||||\u00a0\u00bb text_text_color=\u00a0\u00bb#ffffff\u00a0\u00bb text_font_size=\u00a0\u00bb16&Prime; text_line_height=\u00a0\u00bb2.2em\u00a0\u00bb custom_padding=\u00a0\u00bb0px|||\u00a0\u00bb use_border_color=\u00a0\u00bboff\u00a0\u00bb]<span style=\"color: #ffffff;\"><a style=\"color: #ffffff;\" href=\"https:\/\/www.alliancefrancaise-haiti.org\/jacmel2\/\">Alliance Fran\u00e7aise de Jacmel<\/a><\/span><br \/>\n<span style=\"color: #ffffff;\"><a style=\"color: #ffffff;\" href=\"https:\/\/www.alliancefrancaise-haiti.org\/jacmel2\/notre-equipe\/\">Notre \u00e9quipe<\/a><\/span><br \/>\n<span style=\"color: #ffffff;\"><a style=\"color: #ffffff;\" href=\"https:\/\/www.alliancefrancaise-haiti.org\/jacmel2\/alliances-francaises-dans-le-monde\/\">Alliances Fran\u00e7aises dans le monde<\/a><\/span><br \/>\n<span style=\"color: #ffffff;\"><a style=\"color: #ffffff;\" href=\"https:\/\/www.alliancefrancaise-haiti.org\/jacmel2\/contact\/\">Nous contacter<\/a><\/span><br \/>\n[\/et_pb_text][\/et_pb_column][et_pb_column type=\u00a0\u00bb1_4&Prime; _builder_version=\u00a0\u00bb3.0.47&Prime; column_padding_mobile=\u00a0\u00bbon\u00a0\u00bb parallax=\u00a0\u00bboff\u00a0\u00bb parallax_method=\u00a0\u00bboff\u00a0\u00bb][et_pb_text admin_label=\u00a0\u00bbText\u00a0\u00bb _builder_version=\u00a0\u00bb3.0.101&Prime; text_font=\u00a0\u00bbSource Sans Pro|on|||\u00a0\u00bb text_text_color=\u00a0\u00bb#666666&Prime; text_font_size=\u00a0\u00bb18&Prime; text_line_height=\u00a0\u00bb1.4em\u00a0\u00bb custom_margin=\u00a0\u00bb||8px|\u00a0\u00bb use_border_color=\u00a0\u00bboff\u00a0\u00bb border_color=\u00a0\u00bb#ffffff\u00a0\u00bb border_style=\u00a0\u00bbsolid\u00a0\u00bb]<a style=\"color: #666666;\" href=\"http:\/\/alliancefrancaise-haiti.org\/caphaitien\/cours-et-examens\/\">COURS ET EXAMENS<\/a><br \/>\n[\/et_pb_text][et_pb_text admin_label=\u00a0\u00bbText\u00a0\u00bb _builder_version=\u00a0\u00bb3.0.106&Prime; text_font=\u00a0\u00bbSource Sans Pro||||\u00a0\u00bb text_text_color=\u00a0\u00bb#ffffff\u00a0\u00bb text_font_size=\u00a0\u00bb16&Prime; text_line_height=\u00a0\u00bb2.2em\u00a0\u00bb custom_padding=\u00a0\u00bb0px|||\u00a0\u00bb use_border_color=\u00a0\u00bboff\u00a0\u00bb]<span style=\"color: #ffffff;\"><a style=\"color: #ffffff;\" href=\"http:\/\/alliancefrancaise-haiti.org\/jacmel2\/francais-generaux\/\">Fran\u00e7ais g\u00e9n\u00e9ral<\/a><\/span><br \/>\n<span style=\"color: #ffffff;\"><a style=\"color: #ffffff;\" href=\"http:\/\/alliancefrancaise-haiti.org\/jacmel2\/francais-specifique\/\">Fran\u00e7ais sp\u00e9cifique<\/a><\/span><br \/>\n<span style=\"color: #ffffff;\"><a style=\"color: #ffffff;\" href=\"http:\/\/alliancefrancaise-haiti.org\/jacmel2\/cours-de-creole\/\">Cr\u00e9ole<\/a><\/span><br \/>\n<span style=\"color: #ffffff;\"><a style=\"color: #ffffff;\" href=\"http:\/\/alliancefrancaise-haiti.org\/jacmel2\/cours-anglais\/\">Espagnol<\/a><\/span><br \/>\n<span style=\"color: #ffffff;\"><a style=\"color: #ffffff;\" href=\"http:\/\/alliancefrancaise-haiti.org\/jacmel2\/cours-informatique\/\">Informatique<\/a><\/span><br \/>\n<span style=\"color: #ffffff;\"><a style=\"color: #ffffff;\" href=\"http:\/\/alliancefrancaise-haiti.org\/jacmel2\/centre-examens\/\">Centre d&rsquo;examens<\/a><\/span><br \/>\n[\/et_pb_text][\/et_pb_column][et_pb_column type=\u00a0\u00bb1_4&Prime; _builder_version=\u00a0\u00bb3.0.47&Prime; column_padding_mobile=\u00a0\u00bbon\u00a0\u00bb parallax=\u00a0\u00bboff\u00a0\u00bb parallax_method=\u00a0\u00bboff\u00a0\u00bb][et_pb_text admin_label=\u00a0\u00bbText\u00a0\u00bb _builder_version=\u00a0\u00bb3.0.101&Prime; text_font=\u00a0\u00bbSource Sans Pro|on|||\u00a0\u00bb text_text_color=\u00a0\u00bb#666666&Prime; text_font_size=\u00a0\u00bb18&Prime; text_line_height=\u00a0\u00bb1.4em\u00a0\u00bb custom_margin=\u00a0\u00bb||8px|\u00a0\u00bb use_border_color=\u00a0\u00bboff\u00a0\u00bb border_color=\u00a0\u00bb#ffffff\u00a0\u00bb border_style=\u00a0\u00bbsolid\u00a0\u00bb]<a style=\"color: #666666;\" href=\"http:\/\/alliancefrancaise-haiti.org\/caphaitien\/activites-culturelles\/\">ACTIVIT\u00c9S CULTURELLES<\/a><br \/>\n[\/et_pb_text][et_pb_text admin_label=\u00a0\u00bbText\u00a0\u00bb _builder_version=\u00a0\u00bb3.0.101&Prime; text_font=\u00a0\u00bbSource Sans Pro||||\u00a0\u00bb text_text_color=\u00a0\u00bb#ffffff\u00a0\u00bb text_font_size=\u00a0\u00bb16&Prime; text_line_height=\u00a0\u00bb2.2em\u00a0\u00bb custom_padding=\u00a0\u00bb0px|||\u00a0\u00bb use_border_color=\u00a0\u00bboff\u00a0\u00bb]<span style=\"color: #ffffff;\"><a style=\"color: #ffffff;\" href=\"http:\/\/alliancefrancaise-haiti.org\/caphaitien\/activites-culturelles\/\">Programmation mensuelle<\/a><\/span><br \/>\n<span style=\"color: #ffffff;\"><a style=\"color: #ffffff;\" href=\"http:\/\/alliancefrancaise-haiti.org\/caphaitien\/cine-lari-a\/\">Cine Lari A<\/a><\/span><br \/>\n[\/et_pb_text][et_pb_divider show_divider=\u00a0\u00bboff\u00a0\u00bb height=\u00a0\u00bb10&Prime; disabled_on=\u00a0\u00bbon|on|off\u00a0\u00bb admin_label=\u00a0\u00bbDivider\u00a0\u00bb _builder_version=\u00a0\u00bb3.2&Prime; hide_on_mobile=\u00a0\u00bbon\u00a0\u00bb]<br \/>\n[\/et_pb_divider][et_pb_text admin_label=\u00a0\u00bbText\u00a0\u00bb _builder_version=\u00a0\u00bb3.0.101&Prime; text_font=\u00a0\u00bbSource Sans Pro|on|||\u00a0\u00bb text_text_color=\u00a0\u00bb#666666&Prime; text_font_size=\u00a0\u00bb18&Prime; text_line_height=\u00a0\u00bb1.4em\u00a0\u00bb custom_margin=\u00a0\u00bb||8px|\u00a0\u00bb use_border_color=\u00a0\u00bboff\u00a0\u00bb]<a style=\"color: #666666;\" href=\"http:\/\/alliancefrancaise-haiti.org\/caphaitien\/mediatheque\/\">M\u00c9DIATH\u00c8QUE<\/a><br \/>\n[\/et_pb_text][\/et_pb_column][et_pb_column type=\u00a0\u00bb1_4&Prime; _builder_version=\u00a0\u00bb3.0.47&Prime; column_padding_mobile=\u00a0\u00bbon\u00a0\u00bb parallax=\u00a0\u00bboff\u00a0\u00bb parallax_method=\u00a0\u00bbon\u00a0\u00bb][et_pb_text admin_label=\u00a0\u00bbText\u00a0\u00bb _builder_version=\u00a0\u00bb3.0.101&Prime; text_font=\u00a0\u00bbSource Sans Pro|on|||\u00a0\u00bb text_text_color=\u00a0\u00bb#666666&Prime; text_font_size=\u00a0\u00bb18&Prime; text_line_height=\u00a0\u00bb1.4em\u00a0\u00bb custom_margin=\u00a0\u00bb||8px|\u00a0\u00bb use_border_color=\u00a0\u00bboff\u00a0\u00bb border_color=\u00a0\u00bb#ffffff\u00a0\u00bb border_style=\u00a0\u00bbsolid\u00a0\u00bb]INFORMATIONS PRATIQUES<br \/>\n[\/et_pb_text][et_pb_text admin_label=\u00a0\u00bbText\u00a0\u00bb _builder_version=\u00a0\u00bb3.0.106&Prime; text_font=\u00a0\u00bbSource Sans Pro||||\u00a0\u00bb text_text_color=\u00a0\u00bb#ffffff\u00a0\u00bb text_font_size=\u00a0\u00bb16&Prime; text_line_height=\u00a0\u00bb2.2em\u00a0\u00bb text_orientation=\u00a0\u00bbjustified\u00a0\u00bb custom_padding=\u00a0\u00bb0px|||\u00a0\u00bb use_border_color=\u00a0\u00bboff\u00a0\u00bb]<\/p>\n<div>Alliance Fran\u00e7aise de Jacmel<\/div>\n<div>BP 83, 37 avenue de la Libert\u00e9<\/div>\n<div>HT9110, Jacmel, Ha\u00efti<\/div>\n<div>(+509) 3626 0424<\/div>\n<div>info.jacmel@alliancefrancaise-haiti.org<\/div>\n<p>[\/et_pb_text][et_pb_divider show_divider=\u00a0\u00bboff\u00a0\u00bb height=\u00a0\u00bb10&Prime; disabled_on=\u00a0\u00bbon|on|off\u00a0\u00bb admin_label=\u00a0\u00bbDivider\u00a0\u00bb _builder_version=\u00a0\u00bb3.2&Prime; hide_on_mobile=\u00a0\u00bbon\u00a0\u00bb]<br \/>\n[\/et_pb_divider][et_pb_text admin_label=\u00a0\u00bbText\u00a0\u00bb _builder_version=\u00a0\u00bb3.0.101&Prime; text_font=\u00a0\u00bbSource Sans Pro|on|||\u00a0\u00bb text_text_color=\u00a0\u00bb#666666&Prime; text_font_size=\u00a0\u00bb18&Prime; text_line_height=\u00a0\u00bb1.4em\u00a0\u00bb custom_margin=\u00a0\u00bb||8px|\u00a0\u00bb use_border_color=\u00a0\u00bboff\u00a0\u00bb border_color=\u00a0\u00bb#ffffff\u00a0\u00bb border_style=\u00a0\u00bbsolid\u00a0\u00bb]HEURES D&rsquo;OUVERTURE<br \/>\n[\/et_pb_text][et_pb_text admin_label=\u00a0\u00bbText\u00a0\u00bb _builder_version=\u00a0\u00bb3.0.101&Prime; text_font=\u00a0\u00bbSource Sans Pro||||\u00a0\u00bb text_text_color=\u00a0\u00bb#ffffff\u00a0\u00bb text_font_size=\u00a0\u00bb16&Prime; text_line_height=\u00a0\u00bb2.2em\u00a0\u00bb text_orientation=\u00a0\u00bbjustified\u00a0\u00bb custom_padding=\u00a0\u00bb0px|||\u00a0\u00bb use_border_color=\u00a0\u00bboff\u00a0\u00bb]<\/p>\n<div><i class=\"fa fa-calendar\"><\/i> Mardi au vendredi de 08h30 \u00e0 17h30<\/div>\n<div>\u00a0\u00a0\u00a0\u00a0 Samedi de 08h30 \u00e0 17h00<\/div>\n<p>[\/et_pb_text][\/et_pb_column][\/et_pb_row][\/et_pb_section]<\/p>\n","protected":false},"excerpt":{"rendered":"<p>[et_pb_section fb_built=\u00a0\u00bb1&Prime; _builder_version=\u00a0\u00bb3.0.101&Prime; custom_padding=\u00a0\u00bb10px|||\u00a0\u00bb][et_pb_row custom_padding=\u00a0\u00bb||0px|\u00a0\u00bb _builder_version=\u00a0\u00bb3.0.101&Prime;][et_pb_column type=\u00a0\u00bb4_4&Prime; _builder_version=\u00a0\u00bb3.0.47&Prime; parallax=\u00a0\u00bboff\u00a0\u00bb parallax_method=\u00a0\u00bbon\u00a0\u00bb][et_pb_text _builder_version=\u00a0\u00bb3.0.101&Prime; text_font=\u00a0\u00bbEconomica|700||on|||||\u00a0\u00bb text_text_color=\u00a0\u00bb#d80000&Prime; text_font_size=\u00a0\u00bb50px\u00a0\u00bb]NOUS CONTACTER [\/et_pb_text][et_pb_text _builder_version=\u00a0\u00bb3.0.101&Prime; text_font=\u00a0\u00bbOpen Sans|700|||||||\u00a0\u00bb text_text_color=\u00a0\u00bb#d80000&Prime; text_font_size=\u00a0\u00bb15px\u00a0\u00bb custom_padding=\u00a0\u00bb10px||0px|\u00a0\u00bb]Nos coordonn\u00e9es | Nos heures d\u2019ouverture | Nous situer [\/et_pb_text][\/et_pb_column][\/et_pb_row][et_pb_row custom_padding=\u00a0\u00bb5px||0px|\u00a0\u00bb _builder_version=\u00a0\u00bb3.0.101&Prime;][et_pb_column type=\u00a0\u00bb4_4&Prime; _builder_version=\u00a0\u00bb3.0.47&Prime; parallax=\u00a0\u00bboff\u00a0\u00bb parallax_method=\u00a0\u00bbon\u00a0\u00bb][et_pb_image src=\u00a0\u00bbhttps:\/\/www.alliancefrancaise-haiti.org\/jacmel2\/wp-content\/uploads\/2018\/06\/Banniere_AFCAPHAITIEN_Page_Accueil-1.jpg\u00a0\u00bb align=\u00a0\u00bbcenter\u00a0\u00bb _builder_version=\u00a0\u00bb3.0.106&Prime; animation_style=\u00a0\u00bbzoom\u00a0\u00bb][\/et_pb_image][\/et_pb_column][\/et_pb_row][et_pb_row use_custom_gutter=\u00a0\u00bbon\u00a0\u00bb gutter_width=\u00a0\u00bb2&Prime; make_equal=\u00a0\u00bbon\u00a0\u00bb _builder_version=\u00a0\u00bb3.0.101&Prime;][et_pb_column type=\u00a0\u00bb1_3&Prime; _builder_version=\u00a0\u00bb3.0.47&Prime; parallax=\u00a0\u00bboff\u00a0\u00bb parallax_method=\u00a0\u00bbon\u00a0\u00bb][et_pb_contact_form captcha=\u00a0\u00bboff\u00a0\u00bb email=\u00a0\u00bbinfo.jacmel@alliancefrancaise-haiti.org\u00a0\u00bb title=\u00a0\u00bb\u00c9crivez-nous\u00a0\u00bb success_message=\u00a0\u00bbMerci de nous [&hellip;]<\/p>\n","protected":false},"author":1,"featured_media":0,"parent":0,"menu_order":0,"comment_status":"closed","ping_status":"closed","template":"","meta":{"_seopress_robots_primary_cat":"","_seopress_titles_title":"","_seopress_titles_desc":"","_seopress_robots_index":"","_et_pb_use_builder":"on","_et_pb_old_content":"","jetpack_post_was_ever_published":false,"footnotes":""},"class_list":["post-333","page","type-page","status-publish","hentry"],"jetpack_sharing_enabled":true,"jetpack_likes_enabled":false,"jetpack-related-posts":[],"jetpack_shortlink":"https:\/\/wp.me\/Pbmcu6-5n","_links":{"self":[{"href":"https:\/\/www.alliancefrancaise-haiti.org\/jacmel\/wp-json\/wp\/v2\/pages\/333","targetHints":{"allow":["GET"]}}],"collection":[{"href":"https:\/\/www.alliancefrancaise-haiti.org\/jacmel\/wp-json\/wp\/v2\/pages"}],"about":[{"href":"https:\/\/www.alliancefrancaise-haiti.org\/jacmel\/wp-json\/wp\/v2\/types\/page"}],"author":[{"embeddable":true,"href":"https:\/\/www.alliancefrancaise-haiti.org\/jacmel\/wp-json\/wp\/v2\/users\/1"}],"replies":[{"embeddable":true,"href":"https:\/\/www.alliancefrancaise-haiti.org\/jacmel\/wp-json\/wp\/v2\/comments?post=333"}],"version-history":[{"count":21,"href":"https:\/\/www.alliancefrancaise-haiti.org\/jacmel\/wp-json\/wp\/v2\/pages\/333\/revisions"}],"predecessor-version":[{"id":5807,"href":"https:\/\/www.alliancefrancaise-haiti.org\/jacmel\/wp-json\/wp\/v2\/pages\/333\/revisions\/5807"}],"wp:attachment":[{"href":"https:\/\/www.alliancefrancaise-haiti.org\/jacmel\/wp-json\/wp\/v2\/media?parent=333"}],"curies":[{"name":"wp","href":"https:\/\/api.w.org\/{rel}","templated":true}]}}