{"id":232,"date":"2018-03-12T04:15:43","date_gmt":"2018-03-12T03:15:43","guid":{"rendered":"http:\/\/alliancefrancaise-haiti.org\/cap-haitien\/?page_id=232"},"modified":"2024-03-14T21:31:58","modified_gmt":"2024-03-14T20:31:58","slug":"cours-informatique","status":"publish","type":"page","link":"https:\/\/www.alliancefrancaise-haiti.org\/jacmel\/cours-informatique\/","title":{"rendered":"Cours d&rsquo;informatique"},"content":{"rendered":"<p>[et_pb_section fb_built=\u00a0\u00bb1&Prime; _builder_version=\u00a0\u00bb3.0.101&Prime; custom_padding=\u00a0\u00bb10px|||\u00a0\u00bb][et_pb_row custom_padding=\u00a0\u00bb||0px|\u00a0\u00bb _builder_version=\u00a0\u00bb3.0.101&Prime;][et_pb_column type=\u00a0\u00bb4_4&Prime; _builder_version=\u00a0\u00bb3.0.47&Prime; parallax=\u00a0\u00bboff\u00a0\u00bb parallax_method=\u00a0\u00bbon\u00a0\u00bb][et_pb_text _builder_version=\u00a0\u00bb3.0.101&Prime; text_font=\u00a0\u00bbEconomica|700||on|||||\u00a0\u00bb text_text_color=\u00a0\u00bb#d80000&Prime; text_font_size=\u00a0\u00bb50px\u00a0\u00bb]COURS D&rsquo;INFORMATIQUE<br \/>\n[\/et_pb_text][et_pb_text _builder_version=\u00a0\u00bb3.0.101&Prime; text_font=\u00a0\u00bbOpen Sans|700|||||||\u00a0\u00bb text_text_color=\u00a0\u00bb#d80000&Prime; custom_padding=\u00a0\u00bb10px||0px|\u00a0\u00bb]<a href=\"#ContenuDuCours\">Contenu du cours<\/a> | <a href=\"#QuandSInscrire\"> Quand s\u2019inscrire ,<\/a> | <a href=\"#CommentSInscrire\">Comment s\u2019inscrire ?<\/a> | <a href=\"#NosTarifsDeCours\">Nos tarifs de cours<\/a> | <a href=\"#PourPlusDInformations\">Pour plus d&rsquo;informations<\/a><br \/>\n[\/et_pb_text][\/et_pb_column][\/et_pb_row][et_pb_row custom_padding=\u00a0\u00bb5px||0px|\u00a0\u00bb _builder_version=\u00a0\u00bb3.0.101&Prime;][et_pb_column type=\u00a0\u00bb4_4&Prime; _builder_version=\u00a0\u00bb3.0.47&Prime; parallax=\u00a0\u00bboff\u00a0\u00bb parallax_method=\u00a0\u00bbon\u00a0\u00bb][et_pb_image src=\u00a0\u00bbhttp:\/\/alliancefrancaise-haiti.org\/cap-haitien\/wp-content\/uploads\/2018\/03\/Cours-dinformatique-2000&#215;693.jpg\u00a0\u00bb align=\u00a0\u00bbcenter\u00a0\u00bb _builder_version=\u00a0\u00bb3.0.101&Prime; animation_style=\u00a0\u00bbzoom\u00a0\u00bb animation_duration=\u00a0\u00bb700ms\u00a0\u00bb][\/et_pb_image][\/et_pb_column][\/et_pb_row][et_pb_row custom_padding=\u00a0\u00bb20px||0px|\u00a0\u00bb _builder_version=\u00a0\u00bb3.0.101&Prime;][et_pb_column type=\u00a0\u00bb5_6&Prime; _builder_version=\u00a0\u00bb3.0.47&Prime; parallax=\u00a0\u00bboff\u00a0\u00bb parallax_method=\u00a0\u00bbon\u00a0\u00bb][et_pb_text _builder_version=\u00a0\u00bb3.0.101&Prime; text_text_color=\u00a0\u00bb#d80000&Prime; custom_margin=\u00a0\u00bb||0px|\u00a0\u00bb custom_padding=\u00a0\u00bb||3px|\u00a0\u00bb custom_css_main_element=\u00a0\u00bbfont-family: Helvetica Neue, Helvetica, Arial, sans-serif; font-size: 28px; font-style: normal;font-variant: normal; font-weight: 700; color: #ff0000&Prime;]<a id=\"ContenuDuCours\"><\/a>Contenu du cours<br \/>\n[\/et_pb_text][et_pb_text _builder_version=\u00a0\u00bb3.0.101&Prime; text_font=\u00a0\u00bbOpen Sans||||||||\u00a0\u00bb text_font_size=\u00a0\u00bb18px\u00a0\u00bb text_orientation=\u00a0\u00bbjustified\u00a0\u00bb custom_margin=\u00a0\u00bb0px|||\u00a0\u00bb custom_padding=\u00a0\u00bb2px||15px|\u00a0\u00bb]Nos cours d\u2019informatique vous permettent de vous initier \u00e0 Windows et de prendre en main les logiciels de bureautique (Word et Excel) incontournables pour r\u00e9ussir sur le march\u00e9 du travail ou \u00eatre plus performant.<br \/>\n[\/et_pb_text][et_pb_text _builder_version=\u00a0\u00bb3.0.101&Prime; text_text_color=\u00a0\u00bb#d80000&Prime; custom_margin=\u00a0\u00bb||0px|\u00a0\u00bb custom_padding=\u00a0\u00bb15px||3px|\u00a0\u00bb custom_css_main_element=\u00a0\u00bbfont-family: Helvetica Neue, Helvetica, Arial, sans-serif; font-size: 28px; font-style: normal;font-variant: normal; font-weight: 700; color: #ff0000&Prime;]<a id=\"QuandSInscrire\"><\/a>Quand S&rsquo;inscrire ?<br \/>\n[\/et_pb_text][et_pb_text _builder_version=\u00a0\u00bb3.19.9&Prime; text_font=\u00a0\u00bbOpen Sans||||||||\u00a0\u00bb text_font_size=\u00a0\u00bb18px\u00a0\u00bb text_orientation=\u00a0\u00bbjustified\u00a0\u00bb custom_padding=\u00a0\u00bb2px||15px|\u00a0\u00bb]Pendant tout l\u2019ann\u00e9e, vous pouvez venir \u00e0 l\u2019Alliance Fran\u00e7aise pour prendre des cours d&rsquo;informatique. Pour le moment, nous avons un groupe qui va terminer sa session qui a \u00e9t\u00e9 interrompue par la crise du COVID-19.<\/p>\n<p>Vous pouvez profiter de ce moment pour vous inscrire pour une nouvelle session qui devra commenc\u00e9 sous peu. Vous pouvez visualiser l&rsquo;affiche pour les tarifs.<\/p>\n<p><img data-recalc-dims=\"1\" loading=\"lazy\" decoding=\"async\" class=\"alignnone wp-image-5719 \" src=\"https:\/\/i0.wp.com\/www.alliancefrancaise-haiti.org\/jacmel\/wp-content\/uploads\/2024\/03\/Cours-dinformatique-mars-2024.png?resize=863%2C1221&#038;ssl=1\" alt=\"\" width=\"863\" height=\"1221\" srcset=\"https:\/\/i0.wp.com\/www.alliancefrancaise-haiti.org\/jacmel\/wp-content\/uploads\/2024\/03\/Cours-dinformatique-mars-2024.png?resize=212%2C300&amp;ssl=1 212w, https:\/\/i0.wp.com\/www.alliancefrancaise-haiti.org\/jacmel\/wp-content\/uploads\/2024\/03\/Cours-dinformatique-mars-2024.png?resize=724%2C1024&amp;ssl=1 724w, https:\/\/i0.wp.com\/www.alliancefrancaise-haiti.org\/jacmel\/wp-content\/uploads\/2024\/03\/Cours-dinformatique-mars-2024.png?resize=768%2C1086&amp;ssl=1 768w, https:\/\/i0.wp.com\/www.alliancefrancaise-haiti.org\/jacmel\/wp-content\/uploads\/2024\/03\/Cours-dinformatique-mars-2024.png?resize=1086%2C1536&amp;ssl=1 1086w, https:\/\/i0.wp.com\/www.alliancefrancaise-haiti.org\/jacmel\/wp-content\/uploads\/2024\/03\/Cours-dinformatique-mars-2024.png?resize=1448%2C2048&amp;ssl=1 1448w, https:\/\/i0.wp.com\/www.alliancefrancaise-haiti.org\/jacmel\/wp-content\/uploads\/2024\/03\/Cours-dinformatique-mars-2024.png?resize=1080%2C1528&amp;ssl=1 1080w, https:\/\/i0.wp.com\/www.alliancefrancaise-haiti.org\/jacmel\/wp-content\/uploads\/2024\/03\/Cours-dinformatique-mars-2024.png?w=1587&amp;ssl=1 1587w\" sizes=\"auto, (max-width: 863px) 100vw, 863px\" \/><br \/>\n[\/et_pb_text][et_pb_text _builder_version=\u00a0\u00bb3.0.101&Prime; text_text_color=\u00a0\u00bb#d80000&Prime; custom_margin=\u00a0\u00bb||0px|\u00a0\u00bb custom_padding=\u00a0\u00bb15px||3px|\u00a0\u00bb custom_css_main_element=\u00a0\u00bbfont-family: Helvetica Neue, Helvetica, Arial, sans-serif; font-size: 28px; font-style: normal;font-variant: normal; font-weight: 700; color: #ff0000&Prime;]<a id=\"CommentSInscrire\"><\/a>Comment s\u2019inscrire ?<br \/>\n[\/et_pb_text][et_pb_text _builder_version=\u00a0\u00bb3.19.9&Prime; text_font=\u00a0\u00bbOpen Sans||||||||\u00a0\u00bb text_font_size=\u00a0\u00bb18px\u00a0\u00bb text_orientation=\u00a0\u00bbjustified\u00a0\u00bb custom_margin=\u00a0\u00bb0px|||\u00a0\u00bb custom_padding=\u00a0\u00bb2px||15px|\u00a0\u00bb]Pour s\u2019inscrire \u00e0 l\u2019Alliance Fran\u00e7aise, rien de plus simple ! Il suffit de passer dans le bureau du secr\u00e9tariat situ\u00e9 au premier \u00e9tage de notre b\u00e2timent au croisement de la rue Seymour Pradel et avenue de la Libert\u00e9. Vous pouvez aussi nous \u00e9crire par WhatsApp ou par mail.[\/et_pb_text][et_pb_text _builder_version=\u00a0\u00bb3.19.9&Prime; text_text_color=\u00a0\u00bb#d80000&Prime; text_orientation=\u00a0\u00bbjustified\u00a0\u00bb custom_margin=\u00a0\u00bb||0px|\u00a0\u00bb custom_padding=\u00a0\u00bb15px||3px|\u00a0\u00bb custom_css_main_element=\u00a0\u00bbfont-family: Helvetica Neue, Helvetica, Arial, sans-serif; font-size: 28px; font-style: normal;font-variant: normal; font-weight: 700; color: #ff0000&Prime;]<a id=\"NosTarifsDeCours\"><\/a>Nos tarifs de cours<\/p>\n<p>[\/et_pb_text][et_pb_text _builder_version=\u00a0\u00bb3.0.101&Prime; text_text_color=\u00a0\u00bb#d80000&Prime; custom_margin=\u00a0\u00bb||0px|\u00a0\u00bb custom_padding=\u00a0\u00bb15px||3px|\u00a0\u00bb custom_css_main_element=\u00a0\u00bbfont-family: Helvetica Neue, Helvetica, Arial, sans-serif; font-size: 28px; font-style: normal;font-variant: normal; font-weight: 700; color: #ff0000&Prime;]<a id=\"PourPlusDInformations\"><\/a>Pour plus d\u2019informations<br \/>\n[\/et_pb_text][et_pb_text _builder_version=\u00a0\u00bb3.0.106&Prime; text_font=\u00a0\u00bbOpen Sans||||||||\u00a0\u00bb text_font_size=\u00a0\u00bb18px\u00a0\u00bb text_orientation=\u00a0\u00bbjustified\u00a0\u00bb custom_margin=\u00a0\u00bb0px|||\u00a0\u00bb custom_padding=\u00a0\u00bb2px||15px|\u00a0\u00bb]Contactez-nous par t\u00e9l\u00e9phone au (+509)3626 0424 ou par courriel \u00e0 <a href=\"cours.jacmel@alliancefrancaise-haiti.org\">cours.jacmel@alliancefrancaise-haiti.org<\/a><br \/>\n[\/et_pb_text][\/et_pb_column][et_pb_column type=\u00a0\u00bb1_6&Prime; _builder_version=\u00a0\u00bb3.0.47&Prime; parallax=\u00a0\u00bboff\u00a0\u00bb parallax_method=\u00a0\u00bbon\u00a0\u00bb][et_pb_image src=\u00a0\u00bbhttp:\/\/alliancefrancaise-haiti.org\/cap-haitien\/wp-content\/uploads\/2018\/03\/Pastille999-150&#215;150.png\u00a0\u00bb align=\u00a0\u00bbcenter\u00a0\u00bb _builder_version=\u00a0\u00bb3.0.101&Prime; custom_padding=\u00a0\u00bb||35px|\u00a0\u00bb][\/et_pb_image][et_pb_image src=\u00a0\u00bbhttp:\/\/alliancefrancaise-haiti.org\/cap-haitien\/wp-content\/uploads\/2018\/03\/Pastille666-1-150&#215;150.png\u00a0\u00bb align=\u00a0\u00bbcenter\u00a0\u00bb _builder_version=\u00a0\u00bb3.0.101&Prime; custom_padding=\u00a0\u00bb||35px|\u00a0\u00bb][\/et_pb_image][et_pb_image src=\u00a0\u00bbhttp:\/\/alliancefrancaise-haiti.org\/cap-haitien\/wp-content\/uploads\/2018\/03\/Pastille777-150&#215;150.jpg\u00a0\u00bb align=\u00a0\u00bbcenter\u00a0\u00bb _builder_version=\u00a0\u00bb3.0.101&Prime; custom_padding=\u00a0\u00bb||0px|\u00a0\u00bb][\/et_pb_image][\/et_pb_column][\/et_pb_row][\/et_pb_section][et_pb_section fb_built=\u00a0\u00bb1&Prime; _builder_version=\u00a0\u00bb3.0.101&Prime; background_color=\u00a0\u00bb#3c3d41&Prime; custom_padding=\u00a0\u00bb0px||0px|\u00a0\u00bb transparent_background=\u00a0\u00bboff\u00a0\u00bb padding_mobile=\u00a0\u00bbon\u00a0\u00bb][et_pb_row use_custom_gutter=\u00a0\u00bbon\u00a0\u00bb gutter_width=\u00a0\u00bb1&Prime; custom_padding=\u00a0\u00bb25px||25px|\u00a0\u00bb make_equal=\u00a0\u00bbon\u00a0\u00bb column_padding_mobile=\u00a0\u00bbon\u00a0\u00bb parallax_method_1=\u00a0\u00bboff\u00a0\u00bb parallax_method_2=\u00a0\u00bboff\u00a0\u00bb parallax_method_3=\u00a0\u00bboff\u00a0\u00bb admin_label=\u00a0\u00bbRow\u00a0\u00bb _builder_version=\u00a0\u00bb3.0.101&Prime;][et_pb_column type=\u00a0\u00bb1_4&Prime; _builder_version=\u00a0\u00bb3.0.47&Prime; column_padding_mobile=\u00a0\u00bbon\u00a0\u00bb parallax=\u00a0\u00bboff\u00a0\u00bb parallax_method=\u00a0\u00bboff\u00a0\u00bb][et_pb_text admin_label=\u00a0\u00bbText\u00a0\u00bb _builder_version=\u00a0\u00bb3.0.101&Prime; text_font=\u00a0\u00bbSource Sans Pro|on|||\u00a0\u00bb text_text_color=\u00a0\u00bb#666666&Prime; text_font_size=\u00a0\u00bb18&Prime; text_line_height=\u00a0\u00bb1.4em\u00a0\u00bb custom_margin=\u00a0\u00bb||8px|\u00a0\u00bb use_border_color=\u00a0\u00bboff\u00a0\u00bb border_color=\u00a0\u00bb#ffffff\u00a0\u00bb border_style=\u00a0\u00bbsolid\u00a0\u00bb]<a style=\"color: #666666;\" href=\"http:\/\/alliancefrancaise-haiti.org\/caphaitien\/qui-sommes-nous\/\">QUI SOMMES-NOUS ?<\/a><br \/>\n[\/et_pb_text][et_pb_text admin_label=\u00a0\u00bbText\u00a0\u00bb _builder_version=\u00a0\u00bb3.0.106&Prime; text_font=\u00a0\u00bbSource Sans Pro||||\u00a0\u00bb text_text_color=\u00a0\u00bb#ffffff\u00a0\u00bb text_font_size=\u00a0\u00bb16&Prime; text_line_height=\u00a0\u00bb2.2em\u00a0\u00bb custom_padding=\u00a0\u00bb0px|||\u00a0\u00bb use_border_color=\u00a0\u00bboff\u00a0\u00bb]<span style=\"color: #ffffff;\"><a style=\"color: #ffffff;\" href=\"https:\/\/www.alliancefrancaise-haiti.org\/jacmel2\/\">Alliance Fran\u00e7aise de Jacmel<\/a><\/span><br \/>\n<span style=\"color: #ffffff;\"><a style=\"color: #ffffff;\" href=\"https:\/\/www.alliancefrancaise-haiti.org\/jacmel2\/notre-equipe\/\">Notre \u00e9quipe<\/a><\/span><br \/>\n<span style=\"color: #ffffff;\"><a style=\"color: #ffffff;\" href=\"https:\/\/www.alliancefrancaise-haiti.org\/jacmel2\/alliances-francaises-dans-le-monde\/\">Alliances Fran\u00e7aises dans le monde<\/a><\/span><br \/>\n<span style=\"color: #ffffff;\"><a style=\"color: #ffffff;\" href=\"https:\/\/www.alliancefrancaise-haiti.org\/jacmel2\/contact\/\">Nous contacter<\/a><\/span><br \/>\n[\/et_pb_text][\/et_pb_column][et_pb_column type=\u00a0\u00bb1_4&Prime; _builder_version=\u00a0\u00bb3.0.47&Prime; column_padding_mobile=\u00a0\u00bbon\u00a0\u00bb parallax=\u00a0\u00bboff\u00a0\u00bb parallax_method=\u00a0\u00bboff\u00a0\u00bb][et_pb_text admin_label=\u00a0\u00bbText\u00a0\u00bb _builder_version=\u00a0\u00bb3.0.101&Prime; text_font=\u00a0\u00bbSource Sans Pro|on|||\u00a0\u00bb text_text_color=\u00a0\u00bb#666666&Prime; text_font_size=\u00a0\u00bb18&Prime; text_line_height=\u00a0\u00bb1.4em\u00a0\u00bb custom_margin=\u00a0\u00bb||8px|\u00a0\u00bb use_border_color=\u00a0\u00bboff\u00a0\u00bb border_color=\u00a0\u00bb#ffffff\u00a0\u00bb border_style=\u00a0\u00bbsolid\u00a0\u00bb]<a style=\"color: #666666;\" href=\"http:\/\/alliancefrancaise-haiti.org\/caphaitien\/cours-et-examens\/\">COURS ET EXAMENS<\/a><br \/>\n[\/et_pb_text][et_pb_text admin_label=\u00a0\u00bbText\u00a0\u00bb _builder_version=\u00a0\u00bb3.0.106&Prime; text_font=\u00a0\u00bbSource Sans Pro||||\u00a0\u00bb text_text_color=\u00a0\u00bb#ffffff\u00a0\u00bb text_font_size=\u00a0\u00bb16&Prime; text_line_height=\u00a0\u00bb2.2em\u00a0\u00bb custom_padding=\u00a0\u00bb0px|||\u00a0\u00bb use_border_color=\u00a0\u00bboff\u00a0\u00bb]<span style=\"color: #ffffff;\"><a style=\"color: #ffffff;\" href=\"http:\/\/alliancefrancaise-haiti.org\/jacmel2\/francais-generaux\/\">Fran\u00e7ais g\u00e9n\u00e9ral<\/a><\/span><br \/>\n<span style=\"color: #ffffff;\"><a style=\"color: #ffffff;\" href=\"http:\/\/alliancefrancaise-haiti.org\/jacmel2\/francais-specifique\/\">Fran\u00e7ais sp\u00e9cifique<\/a><\/span><br \/>\n<span style=\"color: #ffffff;\"><a style=\"color: #ffffff;\" href=\"http:\/\/alliancefrancaise-haiti.org\/jacmel2\/cours-de-creole\/\">Cr\u00e9ole<\/a><\/span><br \/>\n<span style=\"color: #ffffff;\"><a style=\"color: #ffffff;\" href=\"http:\/\/alliancefrancaise-haiti.org\/jacmel2\/cours-anglais\/\">Espagnol<\/a><\/span><br \/>\n<span style=\"color: #ffffff;\"><a style=\"color: #ffffff;\" href=\"http:\/\/alliancefrancaise-haiti.org\/jacmel2\/cours-informatique\/\">Informatique<\/a><\/span><br \/>\n<span style=\"color: #ffffff;\"><a style=\"color: #ffffff;\" href=\"http:\/\/alliancefrancaise-haiti.org\/jacmel2\/centre-examens\/\">Centre d&rsquo;examens<\/a><\/span><br \/>\n[\/et_pb_text][\/et_pb_column][et_pb_column type=\u00a0\u00bb1_4&Prime; _builder_version=\u00a0\u00bb3.0.47&Prime; column_padding_mobile=\u00a0\u00bbon\u00a0\u00bb parallax=\u00a0\u00bboff\u00a0\u00bb parallax_method=\u00a0\u00bboff\u00a0\u00bb][et_pb_text admin_label=\u00a0\u00bbText\u00a0\u00bb _builder_version=\u00a0\u00bb3.0.101&Prime; text_font=\u00a0\u00bbSource Sans Pro|on|||\u00a0\u00bb text_text_color=\u00a0\u00bb#666666&Prime; text_font_size=\u00a0\u00bb18&Prime; text_line_height=\u00a0\u00bb1.4em\u00a0\u00bb custom_margin=\u00a0\u00bb||8px|\u00a0\u00bb use_border_color=\u00a0\u00bboff\u00a0\u00bb border_color=\u00a0\u00bb#ffffff\u00a0\u00bb border_style=\u00a0\u00bbsolid\u00a0\u00bb]<a style=\"color: #666666;\" href=\"http:\/\/alliancefrancaise-haiti.org\/caphaitien\/activites-culturelles\/\">ACTIVIT\u00c9S CULTURELLES<\/a><br \/>\n[\/et_pb_text][et_pb_text admin_label=\u00a0\u00bbText\u00a0\u00bb _builder_version=\u00a0\u00bb3.0.101&Prime; text_font=\u00a0\u00bbSource Sans Pro||||\u00a0\u00bb text_text_color=\u00a0\u00bb#ffffff\u00a0\u00bb text_font_size=\u00a0\u00bb16&Prime; text_line_height=\u00a0\u00bb2.2em\u00a0\u00bb custom_padding=\u00a0\u00bb0px|||\u00a0\u00bb use_border_color=\u00a0\u00bboff\u00a0\u00bb]<span style=\"color: #ffffff;\"><a style=\"color: #ffffff;\" href=\"http:\/\/alliancefrancaise-haiti.org\/caphaitien\/activites-culturelles\/\">Programmation mensuelle<\/a><\/span><br \/>\n<span style=\"color: #ffffff;\"><a style=\"color: #ffffff;\" href=\"http:\/\/alliancefrancaise-haiti.org\/caphaitien\/cine-lari-a\/\">Cine Lari A<\/a><\/span><br \/>\n[\/et_pb_text][et_pb_divider show_divider=\u00a0\u00bboff\u00a0\u00bb height=\u00a0\u00bb10&Prime; disabled_on=\u00a0\u00bbon|on|off\u00a0\u00bb admin_label=\u00a0\u00bbDivider\u00a0\u00bb _builder_version=\u00a0\u00bb3.2&Prime; hide_on_mobile=\u00a0\u00bbon\u00a0\u00bb][\/et_pb_divider][et_pb_text admin_label=\u00a0\u00bbText\u00a0\u00bb _builder_version=\u00a0\u00bb3.0.101&Prime; text_font=\u00a0\u00bbSource Sans Pro|on|||\u00a0\u00bb text_text_color=\u00a0\u00bb#666666&Prime; text_font_size=\u00a0\u00bb18&Prime; text_line_height=\u00a0\u00bb1.4em\u00a0\u00bb custom_margin=\u00a0\u00bb||8px|\u00a0\u00bb use_border_color=\u00a0\u00bboff\u00a0\u00bb]<a style=\"color: #666666;\" href=\"http:\/\/alliancefrancaise-haiti.org\/caphaitien\/mediatheque\/\">M\u00c9DIATH\u00c8QUE<\/a><br \/>\n[\/et_pb_text][\/et_pb_column][et_pb_column type=\u00a0\u00bb1_4&Prime; _builder_version=\u00a0\u00bb3.0.47&Prime; column_padding_mobile=\u00a0\u00bbon\u00a0\u00bb parallax=\u00a0\u00bboff\u00a0\u00bb parallax_method=\u00a0\u00bbon\u00a0\u00bb][et_pb_text admin_label=\u00a0\u00bbText\u00a0\u00bb _builder_version=\u00a0\u00bb3.0.101&Prime; text_font=\u00a0\u00bbSource Sans Pro|on|||\u00a0\u00bb text_text_color=\u00a0\u00bb#666666&Prime; text_font_size=\u00a0\u00bb18&Prime; text_line_height=\u00a0\u00bb1.4em\u00a0\u00bb custom_margin=\u00a0\u00bb||8px|\u00a0\u00bb use_border_color=\u00a0\u00bboff\u00a0\u00bb border_color=\u00a0\u00bb#ffffff\u00a0\u00bb border_style=\u00a0\u00bbsolid\u00a0\u00bb]INFORMATIONS PRATIQUES<br \/>\n[\/et_pb_text][et_pb_text admin_label=\u00a0\u00bbText\u00a0\u00bb _builder_version=\u00a0\u00bb3.0.106&Prime; text_font=\u00a0\u00bbSource Sans Pro||||\u00a0\u00bb text_text_color=\u00a0\u00bb#ffffff\u00a0\u00bb text_font_size=\u00a0\u00bb16&Prime; text_line_height=\u00a0\u00bb2.2em\u00a0\u00bb custom_padding=\u00a0\u00bb0px|||\u00a0\u00bb use_border_color=\u00a0\u00bboff\u00a0\u00bb]<\/p>\n<div>Alliance Fran\u00e7aise de Jacmel<\/div>\n<div>BP 83, au croisement de la rue Seymour Pradel et avenue de la Libert\u00e9<\/div>\n<div>\u00a0\u00a0\u00a0 HT9110, Jacmel, Ha\u00efti<\/div>\n<div><i class=\"fa fa-phone\"><\/i> (+509) 3626 0424<\/div>\n<div>info.jacmel@alliancefrancaise-haiti.org<\/div>\n<p>[\/et_pb_text][et_pb_divider show_divider=\u00a0\u00bboff\u00a0\u00bb height=\u00a0\u00bb10&Prime; disabled_on=\u00a0\u00bbon|on|off\u00a0\u00bb admin_label=\u00a0\u00bbDivider\u00a0\u00bb _builder_version=\u00a0\u00bb3.2&Prime; hide_on_mobile=\u00a0\u00bbon\u00a0\u00bb][\/et_pb_divider][et_pb_text admin_label=\u00a0\u00bbText\u00a0\u00bb _builder_version=\u00a0\u00bb3.0.101&Prime; text_font=\u00a0\u00bbSource Sans Pro|on|||\u00a0\u00bb text_text_color=\u00a0\u00bb#666666&Prime; text_font_size=\u00a0\u00bb18&Prime; text_line_height=\u00a0\u00bb1.4em\u00a0\u00bb custom_margin=\u00a0\u00bb||8px|\u00a0\u00bb use_border_color=\u00a0\u00bboff\u00a0\u00bb border_color=\u00a0\u00bb#ffffff\u00a0\u00bb border_style=\u00a0\u00bbsolid\u00a0\u00bb]HEURES D&rsquo;OUVERTURE<br \/>\n[\/et_pb_text][et_pb_text admin_label=\u00a0\u00bbText\u00a0\u00bb _builder_version=\u00a0\u00bb3.0.101&Prime; text_font=\u00a0\u00bbSource Sans Pro||||\u00a0\u00bb text_text_color=\u00a0\u00bb#ffffff\u00a0\u00bb text_font_size=\u00a0\u00bb16&Prime; text_line_height=\u00a0\u00bb2.2em\u00a0\u00bb custom_padding=\u00a0\u00bb0px|||\u00a0\u00bb use_border_color=\u00a0\u00bboff\u00a0\u00bb border_color=\u00a0\u00bb#ffffff\u00a0\u00bb border_style=\u00a0\u00bbsolid\u00a0\u00bb]<\/p>\n<div><i class=\"fa fa-calendar\"><\/i> Mardi au vendredi de 08h30 \u00e0 17h30<\/div>\n<div>\u00a0\u00a0\u00a0\u00a0 Samedi de 08h30 \u00e0 17h00<\/div>\n<p>[\/et_pb_text][\/et_pb_column][\/et_pb_row][\/et_pb_section]<\/p>\n","protected":false},"excerpt":{"rendered":"<p>[et_pb_section fb_built=\u00a0\u00bb1&Prime; _builder_version=\u00a0\u00bb3.0.101&Prime; custom_padding=\u00a0\u00bb10px|||\u00a0\u00bb][et_pb_row custom_padding=\u00a0\u00bb||0px|\u00a0\u00bb _builder_version=\u00a0\u00bb3.0.101&Prime;][et_pb_column type=\u00a0\u00bb4_4&Prime; _builder_version=\u00a0\u00bb3.0.47&Prime; parallax=\u00a0\u00bboff\u00a0\u00bb parallax_method=\u00a0\u00bbon\u00a0\u00bb][et_pb_text _builder_version=\u00a0\u00bb3.0.101&Prime; text_font=\u00a0\u00bbEconomica|700||on|||||\u00a0\u00bb text_text_color=\u00a0\u00bb#d80000&Prime; text_font_size=\u00a0\u00bb50px\u00a0\u00bb]COURS D&rsquo;INFORMATIQUE [\/et_pb_text][et_pb_text _builder_version=\u00a0\u00bb3.0.101&Prime; text_font=\u00a0\u00bbOpen Sans|700|||||||\u00a0\u00bb text_text_color=\u00a0\u00bb#d80000&Prime; custom_padding=\u00a0\u00bb10px||0px|\u00a0\u00bb]Contenu du cours | Quand s\u2019inscrire , | Comment s\u2019inscrire ? | Nos tarifs de cours | Pour plus d&rsquo;informations [\/et_pb_text][\/et_pb_column][\/et_pb_row][et_pb_row custom_padding=\u00a0\u00bb5px||0px|\u00a0\u00bb _builder_version=\u00a0\u00bb3.0.101&Prime;][et_pb_column type=\u00a0\u00bb4_4&Prime; _builder_version=\u00a0\u00bb3.0.47&Prime; parallax=\u00a0\u00bboff\u00a0\u00bb parallax_method=\u00a0\u00bbon\u00a0\u00bb][et_pb_image src=\u00a0\u00bbhttp:\/\/alliancefrancaise-haiti.org\/cap-haitien\/wp-content\/uploads\/2018\/03\/Cours-dinformatique-2000&#215;693.jpg\u00a0\u00bb align=\u00a0\u00bbcenter\u00a0\u00bb _builder_version=\u00a0\u00bb3.0.101&Prime; animation_style=\u00a0\u00bbzoom\u00a0\u00bb animation_duration=\u00a0\u00bb700ms\u00a0\u00bb][\/et_pb_image][\/et_pb_column][\/et_pb_row][et_pb_row custom_padding=\u00a0\u00bb20px||0px|\u00a0\u00bb _builder_version=\u00a0\u00bb3.0.101&Prime;][et_pb_column type=\u00a0\u00bb5_6&Prime; [&hellip;]<\/p>\n","protected":false},"author":1,"featured_media":0,"parent":0,"menu_order":0,"comment_status":"closed","ping_status":"closed","template":"","meta":{"_seopress_robots_primary_cat":"","_seopress_titles_title":"","_seopress_titles_desc":"","_seopress_robots_index":"","_et_pb_use_builder":"on","_et_pb_old_content":"","jetpack_post_was_ever_published":false,"footnotes":""},"class_list":["post-232","page","type-page","status-publish","hentry"],"jetpack_sharing_enabled":true,"jetpack_likes_enabled":false,"jetpack-related-posts":[],"jetpack_shortlink":"https:\/\/wp.me\/Pbmcu6-3K","_links":{"self":[{"href":"https:\/\/www.alliancefrancaise-haiti.org\/jacmel\/wp-json\/wp\/v2\/pages\/232","targetHints":{"allow":["GET"]}}],"collection":[{"href":"https:\/\/www.alliancefrancaise-haiti.org\/jacmel\/wp-json\/wp\/v2\/pages"}],"about":[{"href":"https:\/\/www.alliancefrancaise-haiti.org\/jacmel\/wp-json\/wp\/v2\/types\/page"}],"author":[{"embeddable":true,"href":"https:\/\/www.alliancefrancaise-haiti.org\/jacmel\/wp-json\/wp\/v2\/users\/1"}],"replies":[{"embeddable":true,"href":"https:\/\/www.alliancefrancaise-haiti.org\/jacmel\/wp-json\/wp\/v2\/comments?post=232"}],"version-history":[{"count":17,"href":"https:\/\/www.alliancefrancaise-haiti.org\/jacmel\/wp-json\/wp\/v2\/pages\/232\/revisions"}],"predecessor-version":[{"id":5721,"href":"https:\/\/www.alliancefrancaise-haiti.org\/jacmel\/wp-json\/wp\/v2\/pages\/232\/revisions\/5721"}],"wp:attachment":[{"href":"https:\/\/www.alliancefrancaise-haiti.org\/jacmel\/wp-json\/wp\/v2\/media?parent=232"}],"curies":[{"name":"wp","href":"https:\/\/api.w.org\/{rel}","templated":true}]}}