{"id":144,"date":"2018-03-12T00:55:04","date_gmt":"2018-03-11T23:55:04","guid":{"rendered":"http:\/\/alliancefrancaise-haiti.org\/cap-haitien\/?page_id=144"},"modified":"2018-10-20T21:33:01","modified_gmt":"2018-10-20T19:33:01","slug":"alliances-francaises-dans-le-monde","status":"publish","type":"page","link":"https:\/\/www.alliancefrancaise-haiti.org\/jacmel\/alliances-francaises-dans-le-monde\/","title":{"rendered":"Alliances Fran\u00e7aises dans le monde"},"content":{"rendered":"<p>[et_pb_section bb_built=\u00a0\u00bb1&Prime; _builder_version=\u00a0\u00bb3.0.101&Prime; next_background_color=\u00a0\u00bb#3c3d41&Prime; custom_padding=\u00a0\u00bb10px|||\u00a0\u00bb][et_pb_row _builder_version=\u00a0\u00bb3.0.101&Prime; custom_padding=\u00a0\u00bb||0px|\u00a0\u00bb][et_pb_column type=\u00a0\u00bb4_4&Prime;][et_pb_text _builder_version=\u00a0\u00bb3.0.101&Prime; background_layout=\u00a0\u00bblight\u00a0\u00bb text_font=\u00a0\u00bbEconomica|700||on|||||\u00a0\u00bb text_font_size=\u00a0\u00bb50px\u00a0\u00bb text_text_color=\u00a0\u00bb#d80000&Prime;]<\/p>\n<p>ALLIANCES FRAN\u00c7AISES DANS LE MONDE<\/p>\n<p>[\/et_pb_text][et_pb_text _builder_version=\u00a0\u00bb3.0.101&Prime; background_layout=\u00a0\u00bblight\u00a0\u00bb text_font=\u00a0\u00bbOpen Sans|700|||||||\u00a0\u00bb text_font_size=\u00a0\u00bb15px\u00a0\u00bb text_text_color=\u00a0\u00bb#d80000&Prime; custom_padding=\u00a0\u00bb10px||0px|\u00a0\u00bb]<\/p>\n<p><a href=\"#UnReseauMondialPresentSurLesCinqContinents\">Un r\u00e9seau mondial pr\u00e9sent sur les cinq continents<\/a> | <a href=\"#UneHistoireRicheDePlusDunSiecle\">Une histoire riche de plus d\u2019un si\u00e8cle<\/a> | <a href=\"#SiteInternetDeLaFondationAllianceFrancaise\">Site Internet de la Fondation Alliance Fran\u00e7aise<\/a><\/p>\n<p>[\/et_pb_text][\/et_pb_column][\/et_pb_row][et_pb_row _builder_version=\u00a0\u00bb3.0.101&Prime; custom_padding=\u00a0\u00bb5px||0px|\u00a0\u00bb][et_pb_column type=\u00a0\u00bb4_4&Prime;][et_pb_image _builder_version=\u00a0\u00bb3.0.101&Prime; src=\u00a0\u00bbhttp:\/\/alliancefrancaise-haiti.org\/cap-haitien\/wp-content\/uploads\/2018\/03\/B\u00e2timent-AF-2000&#215;693.jpg\u00a0\u00bb show_in_lightbox=\u00a0\u00bboff\u00a0\u00bb url_new_window=\u00a0\u00bboff\u00a0\u00bb use_overlay=\u00a0\u00bboff\u00a0\u00bb align=\u00a0\u00bbcenter\u00a0\u00bb always_center_on_mobile=\u00a0\u00bbon\u00a0\u00bb force_fullwidth=\u00a0\u00bboff\u00a0\u00bb show_bottom_space=\u00a0\u00bbon\u00a0\u00bb animation_style=\u00a0\u00bbzoom\u00a0\u00bb \/][\/et_pb_column][\/et_pb_row][et_pb_row _builder_version=\u00a0\u00bb3.0.101&Prime; custom_padding=\u00a0\u00bb20px||0px|\u00a0\u00bb][et_pb_column type=\u00a0\u00bb4_4&Prime;][et_pb_text _builder_version=\u00a0\u00bb3.0.101&Prime; background_layout=\u00a0\u00bblight\u00a0\u00bb custom_css_main_element=\u00a0\u00bbfont-family: Helvetica Neue, Helvetica, Arial, sans-serif; font-size: 28px; font-style: normal;font-variant: normal; font-weight: 700; color: #ff0000&Prime; custom_margin=\u00a0\u00bb||0px|\u00a0\u00bb custom_padding=\u00a0\u00bb||3px|\u00a0\u00bb text_text_color=\u00a0\u00bb#d80000&Prime;]<\/p>\n<p><a id=\"UnReseauMondialPresentSurLesCinqContinents\"><\/a>Un r\u00e9seau mondial pr\u00e9sent sur les cinq continents<\/p>\n<p>[\/et_pb_text][et_pb_text _builder_version=\u00a0\u00bb3.0.101&Prime; background_layout=\u00a0\u00bblight\u00a0\u00bb custom_padding=\u00a0\u00bb2px|||\u00a0\u00bb text_font=\u00a0\u00bbOpen Sans||||||||\u00a0\u00bb text_font_size=\u00a0\u00bb18px\u00a0\u00bb custom_margin=\u00a0\u00bb0px|||\u00a0\u00bb text_orientation=\u00a0\u00bbjustified\u00a0\u00bb]<\/p>\n<p>La Fondation Alliance Fran\u00e7aise chapeaute 822 Alliances Fran\u00e7aises pr\u00e9sentes dans 132 pays sur les 5 continents.\u00a0 Elles regroupent 482 000 apprenants tous cours confondus et 458 000 apprenants de fran\u00e7ais. 3,3 millions de spectateurs ont particip\u00e9 aux activit\u00e9s culturelles de ce r\u00e9seau. Cette vitalit\u00e9 tient aux liens tiss\u00e9s avec les citoyens et les m\u00e9c\u00e8nes des pays d\u2019accueil<\/p>\n<p>Les Alliances Fran\u00e7aises ont pour mission de:<\/p>\n<ul>\n<li>Proposer des cours de fran\u00e7ais, en France et dans le monde entier, \u00e0 tous les publics,<\/li>\n<li>Mieux faire conna\u00eetre la culture fran\u00e7aise et les cultures francophones,<\/li>\n<li>\n<div>Favoriser la diversit\u00e9 culturelle en mettant en valeur toutes les cultures.<\/div>\n<\/li>\n<\/ul>\n<p>[\/et_pb_text][et_pb_text _builder_version=\u00a0\u00bb3.0.101&Prime; background_layout=\u00a0\u00bblight\u00a0\u00bb custom_css_main_element=\u00a0\u00bbfont-family: Helvetica Neue, Helvetica, Arial, sans-serif; font-size: 28px; font-style: normal;font-variant: normal; font-weight: 700; color: #ff0000&Prime; custom_margin=\u00a0\u00bb||0px|\u00a0\u00bb custom_padding=\u00a0\u00bb||3px|\u00a0\u00bb text_text_color=\u00a0\u00bb#d80000&Prime;]<\/p>\n<p><a id=\"CartographieDesAlliancesFrancaisesDansLeMonde\"><\/a>Cartographie des Alliances Fran\u00e7aises dans le monde<\/p>\n<p>[\/et_pb_text][\/et_pb_column][\/et_pb_row][et_pb_row _builder_version=\u00a0\u00bb3.0.101&Prime; custom_padding=\u00a0\u00bb10px|||\u00a0\u00bb][et_pb_column type=\u00a0\u00bb4_4&Prime;][et_pb_image _builder_version=\u00a0\u00bb3.0.101&Prime; src=\u00a0\u00bbhttp:\/\/alliancefrancaise-haiti.org\/cap-haitien\/wp-content\/uploads\/2018\/03\/Cartographie.jpg\u00a0\u00bb show_in_lightbox=\u00a0\u00bbon\u00a0\u00bb url_new_window=\u00a0\u00bboff\u00a0\u00bb use_overlay=\u00a0\u00bboff\u00a0\u00bb align=\u00a0\u00bbleft\u00a0\u00bb always_center_on_mobile=\u00a0\u00bbon\u00a0\u00bb force_fullwidth=\u00a0\u00bboff\u00a0\u00bb show_bottom_space=\u00a0\u00bbon\u00a0\u00bb \/][\/et_pb_column][\/et_pb_row][et_pb_row _builder_version=\u00a0\u00bb3.0.101&Prime; custom_padding=\u00a0\u00bb20px||0px|\u00a0\u00bb][et_pb_column type=\u00a0\u00bb4_4&Prime;][et_pb_text _builder_version=\u00a0\u00bb3.0.101&Prime; background_layout=\u00a0\u00bblight\u00a0\u00bb custom_css_main_element=\u00a0\u00bbfont-family: Helvetica Neue, Helvetica, Arial, sans-serif; font-size: 28px; font-style: normal;font-variant: normal; font-weight: 700; color: #ff0000&Prime; custom_margin=\u00a0\u00bb||0px|\u00a0\u00bb custom_padding=\u00a0\u00bb||3px|\u00a0\u00bb text_text_color=\u00a0\u00bb#d80000&Prime;]<\/p>\n<p><a id=\"UneHistoireRicheDePlusDunSiecle\"><\/a>Une histoire riche de plus d\u2019un si\u00e8cle<\/p>\n<p>[\/et_pb_text][et_pb_text _builder_version=\u00a0\u00bb3.0.101&Prime; background_layout=\u00a0\u00bblight\u00a0\u00bb custom_padding=\u00a0\u00bb2px|||\u00a0\u00bb text_font=\u00a0\u00bbOpen Sans||||||||\u00a0\u00bb text_font_size=\u00a0\u00bb18px\u00a0\u00bb custom_margin=\u00a0\u00bb0px|||\u00a0\u00bb]<\/p>\n<div class=\"wpb_text_column wpb_content_element \">\n<div class=\"wpb_wrapper\">\n<p><strong>1883 <\/strong>\u00ab\u00a0L\u2019association nationale pour la propagation de la langue fran\u00e7aise dans les colonies et \u00e0 l\u2019\u00e9tranger\u00a0\u00bb na\u00eet sous l\u2019\u00e9gide de Paul Cambon et de Pierre Foncin.<\/p>\n<p><strong>1884<\/strong> La premi\u00e8re Alliance Fran\u00e7aise d\u2019Europe ouvre \u00e0 Barcelone, puis il en na\u00eet au S\u00e9n\u00e9gal, \u00e0 l\u2019Ile Maurice et \u00e0 Mexico.<\/p>\n<p><strong>1886<\/strong> L\u2019Alliance Fran\u00e7aise de Paris est reconnue d\u2019utilit\u00e9 publique.<\/p>\n<p><strong>1889<\/strong> Premi\u00e8re Alliance en Inde puis en Australie, \u00e0 Melbourne.<\/p>\n<p><strong>1902<\/strong> Premi\u00e8re Alliance \u00e0 Montr\u00e9al et cr\u00e9ation d\u2019une F\u00e9d\u00e9ration des Alliances Fran\u00e7aises aux \u00c9tats-Unis.<\/p>\n<p><strong>1904<\/strong> L\u2019Alliance Fran\u00e7aise compte 150 comit\u00e9s en France et 450 \u00e0 l\u2019\u00e9tranger.<\/p>\n<p><strong>1917<\/strong> Premi\u00e8re Alliance aux Antilles et en R\u00e9publique dominicaine.<\/p>\n<p><strong>1919<\/strong> Ouverture de l\u2019\u00c9cole pratique de langue fran\u00e7aise au 101 bd Raspail \u00e0 Paris.<\/p>\n<p><strong>1943<\/strong> Le g\u00e9n\u00e9ral de Gaulle prononce un discours \u00e0 Alger o\u00f9 il r\u00e9affirme la vocation de l\u2019Alliance.<\/p>\n<p><strong>1944<\/strong> R\u00e9ouverture de l\u2019Alliance Fran\u00e7aise de Paris apr\u00e8s la guerre.<\/p>\n<p><strong>1983<\/strong> Le centenaire de l\u2019Alliance Fran\u00e7aise est c\u00e9l\u00e9br\u00e9 en pr\u00e9sence du Pr\u00e9sident fran\u00e7ais, Fran\u00e7ois Mitterrand<\/p>\n<p><strong>2007<\/strong> La Fondation Alliance Fran\u00e7aise est cr\u00e9\u00e9e et est reconnue d\u2019utilit\u00e9 publique. La Fondation est la r\u00e9f\u00e9rence morale et l\u00e9gale des Alliances Fran\u00e7aises dans le monde. Elle vise \u00e0 coordonner les actions du r\u00e9seau, \u00e0 le d\u00e9velopper et \u00e0 lui fournir un soutien r\u00e9gulier.<\/p>\n<p><strong>2015<\/strong> La Fondation Alliance Fran\u00e7aise a lanc\u00e9 le plan \u00ab\u00a0ALLIANCE 2020\u00a0\u00bb destin\u00e9 \u00e0 porter les nouvelles ambitions du r\u00e9seau, sa modernisation, sa professionnalisation et son d\u00e9veloppement.<\/p>\n<\/div>\n<\/div>\n<p>[\/et_pb_text][et_pb_text _builder_version=\u00a0\u00bb3.0.101&Prime; background_layout=\u00a0\u00bblight\u00a0\u00bb custom_css_main_element=\u00a0\u00bbfont-family: Helvetica Neue, Helvetica, Arial, sans-serif; font-size: 28px; font-style: normal;font-variant: normal; font-weight: 700; color: #ff0000&Prime; custom_margin=\u00a0\u00bb||0px|\u00a0\u00bb custom_padding=\u00a0\u00bb||3px|\u00a0\u00bb text_text_color=\u00a0\u00bb#d80000&Prime;]<\/p>\n<p><a id=\"SiteInternetDeLaFondationAllianceFrancaise\"><\/a>Site internet de la Fondation Alliance Fran\u00e7aise<\/p>\n<p>[\/et_pb_text][\/et_pb_column][\/et_pb_row][et_pb_row _builder_version=\u00a0\u00bb3.0.101&Prime; custom_padding=\u00a0\u00bb10px|||\u00a0\u00bb][et_pb_column type=\u00a0\u00bb4_4&Prime;][et_pb_image _builder_version=\u00a0\u00bb3.0.101&Prime; src=\u00a0\u00bbhttp:\/\/alliancefrancaise-haiti.org\/cap-haitien\/wp-content\/uploads\/2018\/03\/Logo-Fondation-AF_HD-300&#215;170.jpg\u00a0\u00bb show_in_lightbox=\u00a0\u00bboff\u00a0\u00bb url_new_window=\u00a0\u00bbon\u00a0\u00bb use_overlay=\u00a0\u00bboff\u00a0\u00bb align=\u00a0\u00bbleft\u00a0\u00bb always_center_on_mobile=\u00a0\u00bbon\u00a0\u00bb force_fullwidth=\u00a0\u00bboff\u00a0\u00bb show_bottom_space=\u00a0\u00bbon\u00a0\u00bb url=\u00a0\u00bbwww.fondation-alliancefr.org\/\u00a0\u00bb \/][\/et_pb_column][\/et_pb_row][\/et_pb_section][et_pb_section bb_built=\u00a0\u00bb1&Prime; fullwidth=\u00a0\u00bboff\u00a0\u00bb specialty=\u00a0\u00bboff\u00a0\u00bb transparent_background=\u00a0\u00bboff\u00a0\u00bb parallax_method=\u00a0\u00bboff\u00a0\u00bb custom_padding=\u00a0\u00bb0px||0px|\u00a0\u00bb padding_mobile=\u00a0\u00bbon\u00a0\u00bb background_color=\u00a0\u00bb#3c3d41&Prime; prev_background_color=\u00a0\u00bb#ffffff\u00a0\u00bb _builder_version=\u00a0\u00bb3.0.101&Prime;][et_pb_row admin_label=\u00a0\u00bbRow\u00a0\u00bb use_custom_gutter=\u00a0\u00bbon\u00a0\u00bb gutter_width=\u00a0\u00bb1&Prime; parallax_method=\u00a0\u00bboff\u00a0\u00bb make_equal=\u00a0\u00bbon\u00a0\u00bb parallax_method_1=\u00a0\u00bboff\u00a0\u00bb column_padding_mobile=\u00a0\u00bbon\u00a0\u00bb custom_padding=\u00a0\u00bb25px||25px|\u00a0\u00bb parallax_method_2=\u00a0\u00bboff\u00a0\u00bb parallax_method_3=\u00a0\u00bboff\u00a0\u00bb _builder_version=\u00a0\u00bb3.0.101&Prime;][et_pb_column type=\u00a0\u00bb1_4&Prime;][et_pb_text admin_label=\u00a0\u00bbText\u00a0\u00bb background_layout=\u00a0\u00bblight\u00a0\u00bb text_font=\u00a0\u00bbSource Sans Pro|on|||\u00a0\u00bb text_font_size=\u00a0\u00bb18&Prime; text_text_color=\u00a0\u00bb#666666&Prime; text_line_height=\u00a0\u00bb1.4em\u00a0\u00bb use_border_color=\u00a0\u00bboff\u00a0\u00bb custom_margin=\u00a0\u00bb||8px|\u00a0\u00bb _builder_version=\u00a0\u00bb3.0.106&Prime;]<\/p>\n<p><a style=\"color: #666666;\" href=\"http:\/\/alliancefrancaise-haiti.org\/caphaitien\/qui-sommes-nous\/\">QUI SOMMES-NOUS ?<\/a><\/p>\n<p>[\/et_pb_text][et_pb_text admin_label=\u00a0\u00bbText\u00a0\u00bb background_layout=\u00a0\u00bblight\u00a0\u00bb text_font=\u00a0\u00bbSource Sans Pro||||\u00a0\u00bb text_font_size=\u00a0\u00bb16&Prime; text_text_color=\u00a0\u00bb#ffffff\u00a0\u00bb text_line_height=\u00a0\u00bb2.2em\u00a0\u00bb use_border_color=\u00a0\u00bboff\u00a0\u00bb custom_padding=\u00a0\u00bb0px|||\u00a0\u00bb _builder_version=\u00a0\u00bb3.0.106&Prime;]<\/p>\n<p><span style=\"color: #ffffff;\"><a style=\"color: #ffffff;\" href=\"https:\/\/www.alliancefrancaise-haiti.org\/jacmel2\/\">Alliance Fran\u00e7aise de Jacmel<\/a><\/span><br \/>\n<span style=\"color: #ffffff;\"><a style=\"color: #ffffff;\" href=\"https:\/\/www.alliancefrancaise-haiti.org\/jacmel2\/notre-equipe\/\">Notre \u00e9quipe<\/a><\/span><br \/>\n<span style=\"color: #ffffff;\"><a style=\"color: #ffffff;\" href=\"https:\/\/www.alliancefrancaise-haiti.org\/jacmel2\/alliances-francaises-dans-le-monde\/\">Alliances Fran\u00e7aises dans le monde<\/a><\/span><br \/>\n<span style=\"color: #ffffff;\"><a style=\"color: #ffffff;\" href=\"https:\/\/www.alliancefrancaise-haiti.org\/jacmel2\/contact\/\">Nous contacter<\/a><\/span><\/p>\n<p>[\/et_pb_text][\/et_pb_column][et_pb_column type=\u00a0\u00bb1_4&Prime;][et_pb_text admin_label=\u00a0\u00bbText\u00a0\u00bb background_layout=\u00a0\u00bblight\u00a0\u00bb text_font=\u00a0\u00bbSource Sans Pro|on|||\u00a0\u00bb text_font_size=\u00a0\u00bb18&Prime; text_text_color=\u00a0\u00bb#666666&Prime; text_line_height=\u00a0\u00bb1.4em\u00a0\u00bb use_border_color=\u00a0\u00bboff\u00a0\u00bb border_color=\u00a0\u00bb#ffffff\u00a0\u00bb border_style=\u00a0\u00bbsolid\u00a0\u00bb custom_margin=\u00a0\u00bb||8px|\u00a0\u00bb _builder_version=\u00a0\u00bb3.0.101&Prime;]<\/p>\n<p><a style=\"color: #666666;\" href=\"http:\/\/alliancefrancaise-haiti.org\/caphaitien\/cours-et-examens\/\">COURS ET EXAMENS<\/a><\/p>\n<p>[\/et_pb_text][et_pb_text admin_label=\u00a0\u00bbText\u00a0\u00bb background_layout=\u00a0\u00bblight\u00a0\u00bb text_font=\u00a0\u00bbSource Sans Pro||||\u00a0\u00bb text_font_size=\u00a0\u00bb16&Prime; text_text_color=\u00a0\u00bb#ffffff\u00a0\u00bb text_line_height=\u00a0\u00bb2.2em\u00a0\u00bb use_border_color=\u00a0\u00bboff\u00a0\u00bb custom_padding=\u00a0\u00bb0px|||\u00a0\u00bb _builder_version=\u00a0\u00bb3.0.106&Prime;]<\/p>\n<p><span style=\"color: #ffffff;\"><a style=\"color: #ffffff;\" href=\"http:\/\/alliancefrancaise-haiti.org\/jacmel2\/francais-generaux\/\">Fran\u00e7ais g\u00e9n\u00e9ral<\/a><\/span><br \/>\n<span style=\"color: #ffffff;\"><a style=\"color: #ffffff;\" href=\"http:\/\/alliancefrancaise-haiti.org\/jacmel2\/francais-specifique\/\">Fran\u00e7ais sp\u00e9cifique<\/a><\/span><br \/>\n<span style=\"color: #ffffff;\"><a style=\"color: #ffffff;\" href=\"http:\/\/alliancefrancaise-haiti.org\/jacmel2\/cours-de-creole\/\">Cr\u00e9ole<\/a><\/span><br \/>\n<span style=\"color: #ffffff;\"><a style=\"color: #ffffff;\" href=\"http:\/\/alliancefrancaise-haiti.org\/jacmel2\/cours-anglais\/\">Espagnol<\/a><\/span><br \/>\n<span style=\"color: #ffffff;\"><a style=\"color: #ffffff;\" href=\"http:\/\/alliancefrancaise-haiti.org\/jacmel2\/cours-informatique\/\">Informatique<\/a><\/span><br \/>\n<span style=\"color: #ffffff;\"><a style=\"color: #ffffff;\" href=\"http:\/\/alliancefrancaise-haiti.org\/jacmel2\/centre-examens\/\">Centre d&rsquo;examens<\/a><\/span><\/p>\n<p>[\/et_pb_text][\/et_pb_column][et_pb_column type=\u00a0\u00bb1_4&Prime;][et_pb_text admin_label=\u00a0\u00bbText\u00a0\u00bb background_layout=\u00a0\u00bblight\u00a0\u00bb text_font=\u00a0\u00bbSource Sans Pro|on|||\u00a0\u00bb text_font_size=\u00a0\u00bb18&Prime; text_text_color=\u00a0\u00bb#666666&Prime; text_line_height=\u00a0\u00bb1.4em\u00a0\u00bb use_border_color=\u00a0\u00bboff\u00a0\u00bb border_color=\u00a0\u00bb#ffffff\u00a0\u00bb border_style=\u00a0\u00bbsolid\u00a0\u00bb custom_margin=\u00a0\u00bb||8px|\u00a0\u00bb _builder_version=\u00a0\u00bb3.0.101&Prime;]<\/p>\n<p><a style=\"color: #666666;\" href=\"http:\/\/alliancefrancaise-haiti.org\/caphaitien\/activites-culturelles\/\">ACTIVIT\u00c9S CULTURELLES<\/a><\/p>\n<p>[\/et_pb_text][et_pb_text admin_label=\u00a0\u00bbText\u00a0\u00bb background_layout=\u00a0\u00bblight\u00a0\u00bb text_font=\u00a0\u00bbSource Sans Pro||||\u00a0\u00bb text_font_size=\u00a0\u00bb16&Prime; text_text_color=\u00a0\u00bb#ffffff\u00a0\u00bb text_line_height=\u00a0\u00bb2.2em\u00a0\u00bb use_border_color=\u00a0\u00bboff\u00a0\u00bb custom_padding=\u00a0\u00bb0px|||\u00a0\u00bb _builder_version=\u00a0\u00bb3.0.101&Prime;]<\/p>\n<p><span style=\"color: #ffffff;\"><a style=\"color: #ffffff;\" href=\"http:\/\/alliancefrancaise-haiti.org\/caphaitien\/activites-culturelles\/\">Programmation mensuelle<\/a><\/span><br \/>\n<span style=\"color: #ffffff;\"><a style=\"color: #ffffff;\" href=\"http:\/\/alliancefrancaise-haiti.org\/caphaitien\/cine-lari-a\/\">Cine Lari A<\/a><\/span><\/p>\n<p>[\/et_pb_text][et_pb_divider admin_label=\u00a0\u00bbDivider\u00a0\u00bb color=\u00a0\u00bb#ffffff\u00a0\u00bb show_divider=\u00a0\u00bboff\u00a0\u00bb height=\u00a0\u00bb10&Prime; divider_style=\u00a0\u00bbsolid\u00a0\u00bb divider_position=\u00a0\u00bbtop\u00a0\u00bb hide_on_mobile=\u00a0\u00bbon\u00a0\u00bb disabled_on=\u00a0\u00bbon|on|off\u00a0\u00bb \/][et_pb_text admin_label=\u00a0\u00bbText\u00a0\u00bb background_layout=\u00a0\u00bblight\u00a0\u00bb text_font=\u00a0\u00bbSource Sans Pro|on|||\u00a0\u00bb text_font_size=\u00a0\u00bb18&Prime; text_text_color=\u00a0\u00bb#666666&Prime; text_line_height=\u00a0\u00bb1.4em\u00a0\u00bb use_border_color=\u00a0\u00bboff\u00a0\u00bb custom_margin=\u00a0\u00bb||8px|\u00a0\u00bb _builder_version=\u00a0\u00bb3.0.101&Prime;]<\/p>\n<p><a style=\"color: #666666;\" href=\"http:\/\/alliancefrancaise-haiti.org\/caphaitien\/mediatheque\/\">M\u00c9DIATH\u00c8QUE<\/a><\/p>\n<p>[\/et_pb_text][\/et_pb_column][et_pb_column type=\u00a0\u00bb1_4&Prime;][et_pb_text admin_label=\u00a0\u00bbText\u00a0\u00bb background_layout=\u00a0\u00bblight\u00a0\u00bb text_font=\u00a0\u00bbSource Sans Pro|on|||\u00a0\u00bb text_font_size=\u00a0\u00bb18&Prime; text_text_color=\u00a0\u00bb#666666&Prime; text_line_height=\u00a0\u00bb1.4em\u00a0\u00bb use_border_color=\u00a0\u00bboff\u00a0\u00bb border_color=\u00a0\u00bb#ffffff\u00a0\u00bb border_style=\u00a0\u00bbsolid\u00a0\u00bb custom_margin=\u00a0\u00bb||8px|\u00a0\u00bb _builder_version=\u00a0\u00bb3.0.101&Prime;]<\/p>\n<p>INFORMATIONS PRATIQUES<\/p>\n<p>[\/et_pb_text][et_pb_text admin_label=\u00a0\u00bbText\u00a0\u00bb background_layout=\u00a0\u00bblight\u00a0\u00bb text_font=\u00a0\u00bbSource Sans Pro||||\u00a0\u00bb text_font_size=\u00a0\u00bb16&Prime; text_text_color=\u00a0\u00bb#ffffff\u00a0\u00bb text_line_height=\u00a0\u00bb2.2em\u00a0\u00bb use_border_color=\u00a0\u00bboff\u00a0\u00bb custom_padding=\u00a0\u00bb0px|||\u00a0\u00bb _builder_version=\u00a0\u00bb3.0.106&Prime;]<\/p>\n<div>Alliance Fran\u00e7aise de Jacmel<\/div>\n<div><i class=\"fa fa-location-arrow\"><\/i> BP 83, \u00e0 l&rsquo;angle de Seymour Pradel et de l&rsquo;Avenue de la Libert\u00e9<\/div>\n<div>\u00a0\u00a0\u00a0 HT9110, Jacmel, Ha\u00efti<\/div>\n<div><i class=\"fa fa-phone\"><\/i> (+509) 3626-0424<\/div>\n<div>info.jacmel@alliancefrancaise-haiti.org<\/div>\n<p>[\/et_pb_text][et_pb_divider admin_label=\u00a0\u00bbDivider\u00a0\u00bb color=\u00a0\u00bb#ffffff\u00a0\u00bb show_divider=\u00a0\u00bboff\u00a0\u00bb height=\u00a0\u00bb10&Prime; divider_style=\u00a0\u00bbsolid\u00a0\u00bb divider_position=\u00a0\u00bbtop\u00a0\u00bb hide_on_mobile=\u00a0\u00bbon\u00a0\u00bb disabled_on=\u00a0\u00bbon|on|off\u00a0\u00bb \/][et_pb_text admin_label=\u00a0\u00bbText\u00a0\u00bb background_layout=\u00a0\u00bblight\u00a0\u00bb text_font=\u00a0\u00bbSource Sans Pro|on|||\u00a0\u00bb text_font_size=\u00a0\u00bb18&Prime; text_text_color=\u00a0\u00bb#666666&Prime; text_line_height=\u00a0\u00bb1.4em\u00a0\u00bb use_border_color=\u00a0\u00bboff\u00a0\u00bb border_color=\u00a0\u00bb#ffffff\u00a0\u00bb border_style=\u00a0\u00bbsolid\u00a0\u00bb custom_margin=\u00a0\u00bb||8px|\u00a0\u00bb _builder_version=\u00a0\u00bb3.0.101&Prime;]<\/p>\n<p>HEURES D&rsquo;OUVERTURE<\/p>\n<p>[\/et_pb_text][et_pb_text admin_label=\u00a0\u00bbText\u00a0\u00bb background_layout=\u00a0\u00bblight\u00a0\u00bb text_font=\u00a0\u00bbSource Sans Pro||||\u00a0\u00bb text_font_size=\u00a0\u00bb16&Prime; text_text_color=\u00a0\u00bb#ffffff\u00a0\u00bb text_line_height=\u00a0\u00bb2.2em\u00a0\u00bb use_border_color=\u00a0\u00bboff\u00a0\u00bb border_color=\u00a0\u00bb#ffffff\u00a0\u00bb border_style=\u00a0\u00bbsolid\u00a0\u00bb custom_padding=\u00a0\u00bb0px|||\u00a0\u00bb _builder_version=\u00a0\u00bb3.0.101&Prime;]<\/p>\n<div><i class=\"fa fa-calendar\"><\/i> Mardi au vendredi de 08h30 \u00e0 17h30<\/div>\n<div>\u00a0\u00a0\u00a0\u00a0 Samedi de 08h30 \u00e0 17h00<\/div>\n<p>[\/et_pb_text][\/et_pb_column][\/et_pb_row][\/et_pb_section]<\/p>\n","protected":false},"excerpt":{"rendered":"<p>[et_pb_section bb_built=\u00a0\u00bb1&Prime; _builder_version=\u00a0\u00bb3.0.101&Prime; next_background_color=\u00a0\u00bb#3c3d41&Prime; custom_padding=\u00a0\u00bb10px|||\u00a0\u00bb][et_pb_row _builder_version=\u00a0\u00bb3.0.101&Prime; custom_padding=\u00a0\u00bb||0px|\u00a0\u00bb][et_pb_column type=\u00a0\u00bb4_4&Prime;][et_pb_text _builder_version=\u00a0\u00bb3.0.101&Prime; background_layout=\u00a0\u00bblight\u00a0\u00bb text_font=\u00a0\u00bbEconomica|700||on|||||\u00a0\u00bb text_font_size=\u00a0\u00bb50px\u00a0\u00bb text_text_color=\u00a0\u00bb#d80000&Prime;] ALLIANCES FRAN\u00c7AISES DANS LE MONDE [\/et_pb_text][et_pb_text _builder_version=\u00a0\u00bb3.0.101&Prime; background_layout=\u00a0\u00bblight\u00a0\u00bb text_font=\u00a0\u00bbOpen Sans|700|||||||\u00a0\u00bb text_font_size=\u00a0\u00bb15px\u00a0\u00bb text_text_color=\u00a0\u00bb#d80000&Prime; custom_padding=\u00a0\u00bb10px||0px|\u00a0\u00bb] Un r\u00e9seau mondial pr\u00e9sent sur les cinq continents | Une histoire riche de plus d\u2019un si\u00e8cle | Site Internet de la Fondation Alliance Fran\u00e7aise [\/et_pb_text][\/et_pb_column][\/et_pb_row][et_pb_row _builder_version=\u00a0\u00bb3.0.101&Prime; custom_padding=\u00a0\u00bb5px||0px|\u00a0\u00bb][et_pb_column type=\u00a0\u00bb4_4&Prime;][et_pb_image _builder_version=\u00a0\u00bb3.0.101&Prime; [&hellip;]<\/p>\n","protected":false},"author":1,"featured_media":0,"parent":0,"menu_order":0,"comment_status":"closed","ping_status":"closed","template":"","meta":{"_seopress_robots_primary_cat":"","_seopress_titles_title":"","_seopress_titles_desc":"","_seopress_robots_index":"","_et_pb_use_builder":"on","_et_pb_old_content":"","jetpack_post_was_ever_published":false,"footnotes":""},"class_list":["post-144","page","type-page","status-publish","hentry"],"jetpack_sharing_enabled":true,"jetpack_likes_enabled":false,"jetpack-related-posts":[],"jetpack_shortlink":"https:\/\/wp.me\/Pbmcu6-2k","_links":{"self":[{"href":"https:\/\/www.alliancefrancaise-haiti.org\/jacmel\/wp-json\/wp\/v2\/pages\/144","targetHints":{"allow":["GET"]}}],"collection":[{"href":"https:\/\/www.alliancefrancaise-haiti.org\/jacmel\/wp-json\/wp\/v2\/pages"}],"about":[{"href":"https:\/\/www.alliancefrancaise-haiti.org\/jacmel\/wp-json\/wp\/v2\/types\/page"}],"author":[{"embeddable":true,"href":"https:\/\/www.alliancefrancaise-haiti.org\/jacmel\/wp-json\/wp\/v2\/users\/1"}],"replies":[{"embeddable":true,"href":"https:\/\/www.alliancefrancaise-haiti.org\/jacmel\/wp-json\/wp\/v2\/comments?post=144"}],"version-history":[{"count":6,"href":"https:\/\/www.alliancefrancaise-haiti.org\/jacmel\/wp-json\/wp\/v2\/pages\/144\/revisions"}],"predecessor-version":[{"id":4467,"href":"https:\/\/www.alliancefrancaise-haiti.org\/jacmel\/wp-json\/wp\/v2\/pages\/144\/revisions\/4467"}],"wp:attachment":[{"href":"https:\/\/www.alliancefrancaise-haiti.org\/jacmel\/wp-json\/wp\/v2\/media?parent=144"}],"curies":[{"name":"wp","href":"https:\/\/api.w.org\/{rel}","templated":true}]}}